{"id":100764,"date":"2021-11-07T11:12:33","date_gmt":"2021-11-07T10:12:33","guid":{"rendered":"https:\/\/kassel-spielt.de\/press\/?page_id=100764"},"modified":"2023-08-07T08:04:39","modified_gmt":"2023-08-07T06:04:39","slug":"hygienekonzept","status":"publish","type":"page","link":"https:\/\/kassel-spielt.de\/press\/hygienekonzept\/","title":{"rendered":"Hygienekonzept"},"content":{"rendered":"\n<p>Das Land Hessen hat mit \u00c4nderung der Coronavirus-Basisschutzma\u00dfnahmenverordnung am 02.04.22 einen Gro\u00dfteil der geltenden Regelungen abgeschafft bzw. gelockert.<\/p>\n<p>F\u00fcr unsere Spieletreff bedeutet dies, dass alle bisherigen Regelungen nun nicht mehr gelten. So d\u00fcrfen nun wieder mehr als 10 Personen und auch Personen, die nicht den 2G-Plus-Status erf\u00fcllen, zu den Treffs kommen. Eine Aufnahme der Kontaktdaten ist nicht mehr erforderlich.<\/p>\n<p>Wir bitten jedoch darum, dass wenn ihr krank seid oder typische Krankheitssymptome habt, zuhause zu bleiben.<\/p>\n<p>Bitte nehmt R\u00fccksicht auf Menschen, die beim Spielen lieber etwas Abstand zu anderen haben wollen.<\/p>\n<p>Bitte denkt daran euch eine Jacke mitzunehmen, da wir weiterhin regelm\u00e4\u00dfig l\u00fcften werden und deswegen die Raumtemperatur wom\u00f6glich nicht immer euren Vorstellungen entsprechen wird.<\/p>\n","protected":false},"excerpt":{"rendered":"<p>Das Land Hessen hat mit \u00c4nderung der Coronavirus-Basisschutzma\u00dfnahmenverordnung am 02.04.22 einen Gro\u00dfteil der geltenden Regelungen abgeschafft bzw. gelockert. F\u00fcr unsere Spieletreff bedeutet dies, dass alle bisherigen Regelungen nun nicht mehr gelten. So d\u00fcrfen nun wieder mehr als 10 Personen und auch Personen, die nicht den 2G-Plus-Status erf\u00fcllen, zu den Treffs kommen. Eine Aufnahme der Kontaktdaten [&hellip;]<\/p>\n","protected":false},"author":392,"featured_media":0,"parent":0,"menu_order":0,"comment_status":"closed","ping_status":"closed","template":"","meta":{"rop_custom_images_group":[],"rop_custom_messages_group":[],"rop_publish_now":"initial","rop_publish_now_accounts":[],"rop_publish_now_history":[],"rop_publish_now_status":"pending","ngg_post_thumbnail":0,"footnotes":""},"class_list":["post-100764","page","type-page","status-publish","hentry"],"_links":{"self":[{"href":"https:\/\/kassel-spielt.de\/press\/wp-json\/wp\/v2\/pages\/100764","targetHints":{"allow":["GET"]}}],"collection":[{"href":"https:\/\/kassel-spielt.de\/press\/wp-json\/wp\/v2\/pages"}],"about":[{"href":"https:\/\/kassel-spielt.de\/press\/wp-json\/wp\/v2\/types\/page"}],"author":[{"embeddable":true,"href":"https:\/\/kassel-spielt.de\/press\/wp-json\/wp\/v2\/users\/392"}],"replies":[{"embeddable":true,"href":"https:\/\/kassel-spielt.de\/press\/wp-json\/wp\/v2\/comments?post=100764"}],"version-history":[{"count":14,"href":"https:\/\/kassel-spielt.de\/press\/wp-json\/wp\/v2\/pages\/100764\/revisions"}],"predecessor-version":[{"id":101215,"href":"https:\/\/kassel-spielt.de\/press\/wp-json\/wp\/v2\/pages\/100764\/revisions\/101215"}],"wp:attachment":[{"href":"https:\/\/kassel-spielt.de\/press\/wp-json\/wp\/v2\/media?parent=100764"}],"curies":[{"name":"wp","href":"https:\/\/api.w.org\/{rel}","templated":true}]}}