{"id":101988,"date":"2025-05-06T02:13:49","date_gmt":"2025-05-06T00:13:49","guid":{"rendered":"https:\/\/kassel-spielt.de\/press\/?page_id=101988"},"modified":"2025-05-06T03:43:24","modified_gmt":"2025-05-06T01:43:24","slug":"offene-treffs","status":"publish","type":"page","link":"https:\/\/kassel-spielt.de\/press\/termine-2\/offene-treffs\/","title":{"rendered":"Offene Treffs"},"content":{"rendered":"\n<p>Unsere n\u00e4chsten 10 regelm\u00e4\u00dfigen Treffs, wo alle Spiele ausprobiert und gespielt werden k\u00f6nnen:<\/p>\n\n\n<h1> <\/h1>\n<ul class='eme_events_list'><li>8. Mai 2026,<br>\n 18:00 bis 22:30 Uhr:<br>\n  <a href='https:\/\/kassel-spielt.de\/press\/events\/spielen-nach-feierabend-am-freitag-191\/'  title='Spielen am Freitag!'>Spielen am Freitag!<\/a> <br>\nAn der Fuldabr\u00fccke 6 in Kassel <\/li>\n<hr><li>9. Mai 2026,<br>\n 15:00 bis 16:00 Uhr:<br>\n  <a href='https:\/\/kassel-spielt.de\/press\/events\/neulings-info-treff-39\/'  title='Neulings-Info-Treff'>Neulings-Info-Treff<\/a> <br>\nAn der Fuldabr\u00fccke 6 in Kassel <\/li>\n<hr><li>9. Mai 2026,<br>\n 15:00 bis 23:59 Uhr:<br>\n  <a href='https:\/\/kassel-spielt.de\/press\/events\/langer-spieletage-am-samstag-31\/'  title='Spielen am Samstag!'>Spielen am Samstag!<\/a> <br>\nAn der Fuldabr\u00fccke 6 in Kassel <\/li>\n<hr><li>10. Mai 2026,<br>\n 15:00 bis 19:00 Uhr:<br>\n  <a href='https:\/\/kassel-spielt.de\/press\/events\/sonntags-spielenachmittag-177\/'  title='Spielen am Sonntag!'>Spielen am Sonntag!<\/a> <br>\nAn der Fuldabr\u00fccke 6 in Kassel <\/li>\n<hr><li>12. Mai 2026,<br>\n 18:00 bis 20:00 Uhr:<br>\n  <a href='https:\/\/kassel-spielt.de\/press\/events\/spielen-nach-feierabend-am-dienstag-177\/'  title='Spielen nach Feierabend am Dienstag'>Spielen nach Feierabend am Dienstag<\/a> <br>\nAn der Fuldabr\u00fccke 6 in Kassel <\/li>\n<hr><li>15. Mai 2026,<br>\n 18:00 bis 22:30 Uhr:<br>\n  <a href='https:\/\/kassel-spielt.de\/press\/events\/spielen-nach-feierabend-am-freitag-192\/'  title='Spielen am Freitag!'>Spielen am Freitag!<\/a> <br>\nAn der Fuldabr\u00fccke 6 in Kassel <\/li>\n<hr><li>16. Mai 2026,<br>\n 15:00 bis 23:59 Uhr:<br>\n  <a href='https:\/\/kassel-spielt.de\/press\/events\/langer-spieletage-am-samstag-32\/'  title='Spielen am Samstag!'>Spielen am Samstag!<\/a> <br>\nAn der Fuldabr\u00fccke 6 in Kassel <\/li>\n<hr><li>17. Mai 2026,<br>\n 15:00 bis 19:00 Uhr:<br>\n  <a href='https:\/\/kassel-spielt.de\/press\/events\/sonntags-spielenachmittag-178\/'  title='Spielen am Sonntag!'>Spielen am Sonntag!<\/a> <br>\nAn der Fuldabr\u00fccke 6 in Kassel <\/li>\n<hr><li>19. Mai 2026,<br>\n 18:00 bis 20:00 Uhr:<br>\n  <a href='https:\/\/kassel-spielt.de\/press\/events\/spielen-nach-feierabend-am-dienstag-178\/'  title='Spielen nach Feierabend am Dienstag'>Spielen nach Feierabend am Dienstag<\/a> <br>\nAn der Fuldabr\u00fccke 6 in Kassel <\/li>\n<hr><li>22. Mai 2026,<br>\n 18:00 bis 22:30 Uhr:<br>\n  <a href='https:\/\/kassel-spielt.de\/press\/events\/spielen-nach-feierabend-am-freitag-193\/'  title='Spielen am Freitag!'>Spielen am Freitag!<\/a> <br>\nAn der Fuldabr\u00fccke 6 in Kassel <\/li>\n<hr><\/ul>\n\n\n\n\n\n\n","protected":false},"excerpt":{"rendered":"<p>Unsere n\u00e4chsten 10 regelm\u00e4\u00dfigen Treffs, wo alle Spiele ausprobiert und gespielt werden k\u00f6nnen:<\/p>\n","protected":false},"author":393,"featured_media":0,"parent":128,"menu_order":0,"comment_status":"closed","ping_status":"closed","template":"","meta":{"rop_custom_images_group":[],"rop_custom_messages_group":[],"rop_publish_now":"initial","rop_publish_now_accounts":[],"rop_publish_now_history":[],"rop_publish_now_status":"pending","ngg_post_thumbnail":0,"footnotes":""},"class_list":["post-101988","page","type-page","status-publish","hentry"],"_links":{"self":[{"href":"https:\/\/kassel-spielt.de\/press\/wp-json\/wp\/v2\/pages\/101988","targetHints":{"allow":["GET"]}}],"collection":[{"href":"https:\/\/kassel-spielt.de\/press\/wp-json\/wp\/v2\/pages"}],"about":[{"href":"https:\/\/kassel-spielt.de\/press\/wp-json\/wp\/v2\/types\/page"}],"author":[{"embeddable":true,"href":"https:\/\/kassel-spielt.de\/press\/wp-json\/wp\/v2\/users\/393"}],"replies":[{"embeddable":true,"href":"https:\/\/kassel-spielt.de\/press\/wp-json\/wp\/v2\/comments?post=101988"}],"version-history":[{"count":5,"href":"https:\/\/kassel-spielt.de\/press\/wp-json\/wp\/v2\/pages\/101988\/revisions"}],"predecessor-version":[{"id":102000,"href":"https:\/\/kassel-spielt.de\/press\/wp-json\/wp\/v2\/pages\/101988\/revisions\/102000"}],"up":[{"embeddable":true,"href":"https:\/\/kassel-spielt.de\/press\/wp-json\/wp\/v2\/pages\/128"}],"wp:attachment":[{"href":"https:\/\/kassel-spielt.de\/press\/wp-json\/wp\/v2\/media?parent=101988"}],"curies":[{"name":"wp","href":"https:\/\/api.w.org\/{rel}","templated":true}]}}