{"id":104428,"date":"2026-04-13T14:53:29","date_gmt":"2026-04-13T12:53:29","guid":{"rendered":"https:\/\/kassel-spielt.de\/press\/?page_id=104428"},"modified":"2026-04-13T14:53:30","modified_gmt":"2026-04-13T12:53:30","slug":"jubilaeumsjahr-20-jahre-kassel-spielt-e-v","status":"publish","type":"page","link":"https:\/\/kassel-spielt.de\/press\/jubilaeumsjahr-20-jahre-kassel-spielt-e-v\/","title":{"rendered":"Jubil\u00e4umsjahr! 20 Jahre Kassel spielt e.V."},"content":{"rendered":"\n<p><a href=\"http:\/\/kassel-spielt.de\/press\/wp-content\/uploads\/2026\/03\/holidays-1313808_1920-721x1024breit.jpg\"><img loading=\"lazy\" decoding=\"async\" class=\"alignnone  wp-image-104217\" src=\"http:\/\/kassel-spielt.de\/press\/wp-content\/uploads\/2026\/03\/holidays-1313808_1920-721x1024breit-300x171.jpg\" alt=\"\" width=\"381\" height=\"217\" srcset=\"https:\/\/kassel-spielt.de\/press\/wp-content\/uploads\/2026\/03\/holidays-1313808_1920-721x1024breit-300x171.jpg 300w, https:\/\/kassel-spielt.de\/press\/wp-content\/uploads\/2026\/03\/holidays-1313808_1920-721x1024breit-1024x583.jpg 1024w, https:\/\/kassel-spielt.de\/press\/wp-content\/uploads\/2026\/03\/holidays-1313808_1920-721x1024breit-768x437.jpg 768w, https:\/\/kassel-spielt.de\/press\/wp-content\/uploads\/2026\/03\/holidays-1313808_1920-721x1024breit-1536x874.jpg 1536w, https:\/\/kassel-spielt.de\/press\/wp-content\/uploads\/2026\/03\/holidays-1313808_1920-721x1024breit.jpg 1800w\" sizes=\"auto, (max-width: 381px) 100vw, 381px\" \/><\/a><\/p>\n<p>2026 ist das gro\u00dfe Jubil\u00e4ums-Jahr bei Kassel spielt e.V.!!!<\/p>\n<p>Es beginnt mit unserer gro\u00dfen Feier am 25. und 26. April 2026<\/p>\n<ul>\n<li><a href=\"https:\/\/kassel-spielt.de\/press\/events\/event-jubilaeumsfeier-20-jahre-kassel-spielt-e-v\/\">Programm am 25.04 (Samstag)<\/a><\/li>\n<li><a href=\"https:\/\/kassel-spielt.de\/press\/events\/event-jubilaeumsfeier-sonntag-20-jahre-kassel-spielt-e-v\/\">Programm am 26.04 (Sonntag)<\/a><\/li>\n<\/ul>\n\n\n\n\n","protected":false},"excerpt":{"rendered":"<p>2026 ist das gro\u00dfe Jubil\u00e4ums-Jahr bei Kassel spielt e.V.!!! Es beginnt mit unserer gro\u00dfen Feier am 25. und 26. April 2026 Programm am 25.04 (Samstag) Programm am 26.04 (Sonntag)<\/p>\n","protected":false},"author":393,"featured_media":0,"parent":0,"menu_order":0,"comment_status":"closed","ping_status":"closed","template":"","meta":{"rop_custom_images_group":[],"rop_custom_messages_group":[],"rop_publish_now":"initial","rop_publish_now_accounts":[],"rop_publish_now_history":[],"rop_publish_now_status":"pending","ngg_post_thumbnail":0,"footnotes":""},"class_list":["post-104428","page","type-page","status-publish","hentry"],"_links":{"self":[{"href":"https:\/\/kassel-spielt.de\/press\/wp-json\/wp\/v2\/pages\/104428","targetHints":{"allow":["GET"]}}],"collection":[{"href":"https:\/\/kassel-spielt.de\/press\/wp-json\/wp\/v2\/pages"}],"about":[{"href":"https:\/\/kassel-spielt.de\/press\/wp-json\/wp\/v2\/types\/page"}],"author":[{"embeddable":true,"href":"https:\/\/kassel-spielt.de\/press\/wp-json\/wp\/v2\/users\/393"}],"replies":[{"embeddable":true,"href":"https:\/\/kassel-spielt.de\/press\/wp-json\/wp\/v2\/comments?post=104428"}],"version-history":[{"count":1,"href":"https:\/\/kassel-spielt.de\/press\/wp-json\/wp\/v2\/pages\/104428\/revisions"}],"predecessor-version":[{"id":104429,"href":"https:\/\/kassel-spielt.de\/press\/wp-json\/wp\/v2\/pages\/104428\/revisions\/104429"}],"wp:attachment":[{"href":"https:\/\/kassel-spielt.de\/press\/wp-json\/wp\/v2\/media?parent=104428"}],"curies":[{"name":"wp","href":"https:\/\/api.w.org\/{rel}","templated":true}]}}