{"id":157,"date":"2013-10-23T11:50:04","date_gmt":"2013-10-23T09:50:04","guid":{"rendered":"http:\/\/Kassel-spielt.de\/press\/?page_id=157"},"modified":"2021-03-05T08:26:47","modified_gmt":"2021-03-05T07:26:47","slug":"links","status":"publish","type":"page","link":"https:\/\/kassel-spielt.de\/press\/links\/","title":{"rendered":"Linkliste"},"content":{"rendered":"\n<h1>Unsere Kan\u00e4le<\/h1>\n<p><a href=\"https:\/\/www.youtube.com\/channel\/UCkeJwffzPvQGcxnbMBinBmA\">www.youtube.com<\/a><br>Unser youtube-Kanal befindet sich noch im Aufbau. Aber es gibt bereits einige Unboxing-Videos von Spieleneuheiten im Verein, Live-Mitschnitte von Spiele-Events sowie ein Video mit einer Spiele-Vorstellung. Weitere Videos folgen. Es lohnt sich reinzuschauen!<\/p>\n<p><a href=\"https:\/\/www.instagram.com\/kasselspielt\/?hl=de\">www.instagram.com<\/a><br>Fotos von unseren Spieleevents und mehr findet ihr auf unserem Instagram-Kanal. Corona-bedingt gibt es leider aktuell nicht so viele Fotos wie geplant, aber irgenwann geht es weiter !<\/p>\n<p>&nbsp;<\/p>\n\n\n<h1>Online spielen<\/h1>\n<p>Mit echten Menschen pers\u00f6nlich spielen &#8211; z.B. bei einem unserer <a title=\"Termine\" href=\"http:\/\/Kassel-spielt.de\/press\/?page_id=128\">Termine<\/a> &#8211; ist zwar das Sch\u00f6nste, aber wenn das nicht klappt, gibt es auch im Internet noch kostenfreie Spielm\u00f6glichkeiten.<\/p>\n<p><a title=\"Yucata\" href=\"http:\/\/www.yucata.de\" target=\"_blank\" rel=\"noopener noreferrer\">www.yucata.de<\/a><br>Brett- und Kartenspiele online spielen&#8230; zugbasiert, man kann also mehrere Spiele starten und muss sich nicht beeilen. Man kann ein Spiel auch \u00fcber Tage und Wochen spielen.<\/p>\n<p><a title=\"Brettspielwelt\" href=\"http:\/\/www.brettspielwelt.de\" target=\"_blank\" rel=\"noopener noreferrer\">www.brettspielwelt.de<\/a><br>Mitspieler zu finden, ist hier recht leicht. In der Brettspielwelt triffst du auf Leute, die vielleicht tausend Kilometer entfernt sind. Online kannst du mit ihnen real existierende Brett- und Kartenspiele spielen.<\/p>\n<h1>&nbsp;<\/h1>\n<h1>Infos zum Thema Spielen<\/h1>\n<p><a href=\"http:\/\/www.spielbox.de\/\">Spielbox<br><\/a>Informationen rund ums Thema Spielen<\/p>\n<p><a href=\"http:\/\/www.spielekreise.de\">Spielekreise<\/a><br>Informationen zu Spieletreffs in ganz Deutschland f\u00fcr jeden und<br>Austausch von Erfahrungen f\u00fcr Vorstands-Mitglieder der jeweiligen Vereine (internes Forum)<\/p>\n<p><a href=\"http:\/\/www.spielebruecke.de\/index.php?id=15\">Spielebr\u00fccke Marburg<br><\/a>geht auf das Deutche Spielearchiv zur\u00fcck und bietet Informationen und Spieletreffs<\/p>\n<p>&nbsp;<\/p>\n<h1>Spielen in und um Kassel<\/h1>\n<p>Regelm\u00e4\u00dfige Veranstaltungen und Angebote anderer Veranstalter<\/p>\n<p><a href=\"http:\/\/www.skuebler.de\/spiele-und-brettspiele\/spielefahrt-kassel\/\">Spielefahrt Kassel<br><\/a>Ein Freundeskreis f\u00e4hrt einmal im Jahr f\u00fcr ein Wochenende zum Spielen im Ramada Hotel nach Kassel.<\/p>\n<p><a href=\"https:\/\/bibliothek.stadt-kassel.de\/search.aspx?stype=2\">Spieleausleihe <\/a><br>Die Stadtbibliothek hat einen gr\u00f6\u00dferen Fundus an Spielen als man denkt &#8211; leiht doch mal was aus!<br>Der Link oben f\u00fchrt direkt zur Suche nach Titel, Autor oder einfach nach Spielen.<br>Infos zur Stadtbibliothek selbst findet ihr <a href=\"http:\/\/stadtbibliothek.stadt-kassel.de\/miniwebs\/stadtbibliothek\/21372\/index.html\">Link zur Stadtbibliothek Kassel<\/a>.<\/p>\n<p>&nbsp;<\/p>\n<h1>Referenzen<\/h1>\n<p><a title=\"Schriftarten und Fonts\" href=\"http:\/\/www.schriftarten-fonts.de\">Schriftarten<\/a> und Fonts zum kostenlosen Download.<br>Wir verwenden die Schriftart <a title=\"Schritfarten und Fonts\" href=\"http:\/\/www.schriftarten-fonts.de\/fonts\/2865\/pachyderm.html\">Pachyderm<\/a>, z.B. im Header dieser Seite.<\/p>\n\n\n<p><\/p>\n","protected":false},"excerpt":{"rendered":"<p>Unsere Kan\u00e4le www.youtube.comUnser youtube-Kanal befindet sich noch im Aufbau. Aber es gibt bereits einige Unboxing-Videos von Spieleneuheiten im Verein, Live-Mitschnitte von Spiele-Events sowie ein Video mit einer Spiele-Vorstellung. Weitere Videos folgen. Es lohnt sich reinzuschauen! www.instagram.comFotos von unseren Spieleevents und mehr findet ihr auf unserem Instagram-Kanal. Corona-bedingt gibt es leider aktuell nicht so viele Fotos [&hellip;]<\/p>\n","protected":false},"author":75,"featured_media":0,"parent":0,"menu_order":0,"comment_status":"closed","ping_status":"open","template":"","meta":{"rop_custom_images_group":[],"rop_custom_messages_group":[],"rop_publish_now":"initial","rop_publish_now_accounts":[],"rop_publish_now_history":[],"rop_publish_now_status":"pending","ngg_post_thumbnail":0,"footnotes":""},"class_list":["post-157","page","type-page","status-publish","hentry"],"_links":{"self":[{"href":"https:\/\/kassel-spielt.de\/press\/wp-json\/wp\/v2\/pages\/157","targetHints":{"allow":["GET"]}}],"collection":[{"href":"https:\/\/kassel-spielt.de\/press\/wp-json\/wp\/v2\/pages"}],"about":[{"href":"https:\/\/kassel-spielt.de\/press\/wp-json\/wp\/v2\/types\/page"}],"author":[{"embeddable":true,"href":"https:\/\/kassel-spielt.de\/press\/wp-json\/wp\/v2\/users\/75"}],"replies":[{"embeddable":true,"href":"https:\/\/kassel-spielt.de\/press\/wp-json\/wp\/v2\/comments?post=157"}],"version-history":[{"count":12,"href":"https:\/\/kassel-spielt.de\/press\/wp-json\/wp\/v2\/pages\/157\/revisions"}],"predecessor-version":[{"id":100372,"href":"https:\/\/kassel-spielt.de\/press\/wp-json\/wp\/v2\/pages\/157\/revisions\/100372"}],"wp:attachment":[{"href":"https:\/\/kassel-spielt.de\/press\/wp-json\/wp\/v2\/media?parent=157"}],"curies":[{"name":"wp","href":"https:\/\/api.w.org\/{rel}","templated":true}]}}