{"id":244,"date":"2013-10-23T18:18:59","date_gmt":"2013-10-23T16:18:59","guid":{"rendered":"http:\/\/Kassel-spielt.de\/press\/?page_id=244"},"modified":"2020-03-21T16:50:22","modified_gmt":"2020-03-21T15:50:22","slug":"244-2","status":"publish","type":"page","link":"https:\/\/kassel-spielt.de\/press\/der-verein\/244-2\/","title":{"rendered":"Vorstand und Ansprechpartner"},"content":{"rendered":"<p>Wir haben viele engagierte Mitglieder und auch unsere G\u00e4ste helfen regelm\u00e4\u00dfig bei unseren Veranstaltungen mit.<br \/>\nWenn Du zu einem bestimmten Thema einen Ansprechpartner suchst, hier sind unsere Kontaktpersonen:<\/p>\n\n<table id=\"tablepress-3\" class=\"tablepress tablepress-id-3\">\n<thead>\n<tr class=\"row-1\">\n\t<th class=\"column-1\">Kontaktperson<\/th><td class=\"column-2\"><\/td><th class=\"column-3\">Zust\u00e4ndig f\u00fcr<\/th><th class=\"column-4\">Kontaktdaten<\/th>\n<\/tr>\n<\/thead>\n<tbody class=\"row-striping row-hover\">\n<tr class=\"row-2\">\n\t<td class=\"column-1\"><b>Martin Ebel<\/b> <br \/>\n<br \/>\n<b>Gr\u00fcndungs- und Ehrenmitglied<\/b><br \/>\n<br \/>\nSeit 2013 Ehrenvorsitzender des Vereins<\/td><td class=\"column-2\"> <img decoding=\"async\" src=\"http:\/\/kassel-spielt.de\/press\/wp-content\/gallery\/personen\/Martin.jpg\" width=\"150\" alt=\"Martin Ebel\"><\/td><td class=\"column-3\">Senioren-Nachmittag<br \/>\nSoziales<br \/>\nKulturgut Spiel<br \/>\nFortbildung<br \/>\nSpiele erfinden<\/td><td class=\"column-4\">ebel-spiele[at]arcor.de<br \/>\nTel. KS - 27257<\/td>\n<\/tr>\n<tr class=\"row-3\">\n\t<td class=\"column-1\"><b>Anja Mann<\/b> <br \/>\n<br \/>\n<b>Gr\u00fcndungs- und Ehrenmitglied<\/b><br \/>\n<br \/>\nSeit 2024 Ehrenvorsitzende des Vereins<\/td><td class=\"column-2\"><img decoding=\"async\" src=\"http:\/\/kassel-spielt.de\/press\/wp-content\/gallery\/personen\/Anja.jpg\" width=\"150\" alt=\"Anja Mann\"><br \/>\n<\/td><td class=\"column-3\">ist unsere ehrenvolle Ehrenvorsitzende! <\/td><td class=\"column-4\"><\/td>\n<\/tr>\n<tr class=\"row-4\">\n\t<td class=\"column-1\"><b>Stefan Roth<\/b> <br \/>\n<br \/>\n<b>1. Vorsitzender<b><br \/>\n<b>Spielewart<b><br \/>\n<b>Cafeteriaverantwortlicher<\/b><\/td><td class=\"column-2\"><img decoding=\"async\" src=\"http:\/\/kassel-spielt.de\/press\/wp-content\/gallery\/personen\/Stefan.jpg\" width=\"150\" alt=\"Stefan Roth\"><\/td><td class=\"column-3\">Versammlungsleitung<br \/>\nVereinsverwaltung<br \/>\nSpielewart<br \/>\nSpielespenden<br \/>\nCafeteria<br \/>\nArchiv<\/td><td class=\"column-4\">vorstand [at] kassel-spielt.de und<br \/>\n<br \/>\nspielewart [at] kassel-spielt.de<\/td>\n<\/tr>\n<tr class=\"row-5\">\n\t<td class=\"column-1\"><b>Michael Timpe<\/b> <br \/>\n<br \/>\n<b>Kassenwart<\/b><\/td><td class=\"column-2\"><img loading=\"lazy\" decoding=\"async\" src=\"http:\/\/kassel-spielt.de\/press\/wp-content\/uploads\/2025\/06\/20250411_205830.jpg\" width=\"150\" height=\"90\" alt=\" Bild folgt\"><\/td><td class=\"column-3\">Buchf\u00fchrung<br \/>\nSpenden<br \/>\nMitgliedsbeitr\u00e4ge<br \/>\nMahnwesen<\/td><td class=\"column-4\">kassenwart [at] kassel-spielt.de<\/td>\n<\/tr>\n<tr class=\"row-6\">\n\t<td class=\"column-1\"><b>Amice Rade<\/b><br \/>\n <br \/>\n<b>stellv. Vorsitzende<\/b><br \/>\n<b>keine Pronomen<\/b><\/td><td class=\"column-2\"><img decoding=\"async\" src=\"http:\/\/kassel-spielt.de\/press\/wp-content\/gallery\/personen\/Tobias.jpg\" width=\"150\" alt=\"Tobias\"><\/td><td class=\"column-3\">Mitgliederbetreuung<br \/>\nSiedlertreff<br \/>\nRegvor Orga<br \/>\n<br \/>\n- DGS m\u00f6glich!<\/td><td class=\"column-4\">vorstand-2[at} kassel-spielt.de und <br \/>\nvorstand [at] kassel-spielt.de und<br \/>\nsiedler [at] kassel-spielt.de<br \/>\n<br \/>\n<\/td>\n<\/tr>\n<tr class=\"row-7\">\n\t<td class=\"column-1\"><b>Tatjana Behnke<\/b> <br \/>\n<br \/>\n<b>Schriftf\u00fchrerin<\/b><\/td><td class=\"column-2\"><img decoding=\"async\" src=\"http:\/\/kassel-spielt.de\/press\/wp-content\/gallery\/personen\/Tatjana.jpg\" width=\"150\" alt=\"Tatjana Behnke\"><\/td><td class=\"column-3\">Protokolle<\/td><td class=\"column-4\">protokoll[at] kassel-spielt.de<br \/>\narchiv [at] kassel-spielt.de<\/td>\n<\/tr>\n<tr class=\"row-8\">\n\t<td class=\"column-1\"><b>Michael M\u00fchldorfer<\/b><br \/>\n <br \/>\n<b>Beisitzer<\/b><br \/>\n<b>Raumwart<\/b><\/td><td class=\"column-2\"><img decoding=\"async\" src=\"http:\/\/kassel-spielt.de\/press\/wp-content\/gallery\/personen\/1_Michael.jpg\" width=\"150\" alt=\" Michael\"><\/td><td class=\"column-3\">Instandhaltung<br \/>\nReparatur<br \/>\nSchl\u00fcssel<\/td><td class=\"column-4\">raumwart [at] kassel-spielt.de<br \/>\nTel. (und Telegram, WhatsApp, SMS) 0178-7723890<\/td>\n<\/tr>\n<tr class=\"row-9\">\n\t<td class=\"column-1\"><b>AG \u00d6ffentlichkeitsarbeit<\/b> <br \/>\n<br \/>\n<b>Frank<\/b><br \/>\n<\/td><td class=\"column-2\"><img loading=\"lazy\" decoding=\"async\" src=\"http:\/\/kassel-spielt.de\/press\/wp-content\/gallery\/personen\/platzhalter.png\" width=\"150\" height=\"90\" alt=\" Bild folgt\"><\/td><td class=\"column-3\">\u00d6ffentlichkeitsarbeit<br \/>\nKontaktaufnahme  <br \/>\nPressemitteilungen &amp; Werbung <br \/>\nKooperationen<\/td><td class=\"column-4\">info [at] kassel-spielt.de<br \/>\n<br \/>\n<br \/>\n<br \/>\n<\/td>\n<\/tr>\n<tr class=\"row-10\">\n\t<td class=\"column-1\"><b>AG Mitgliederverwaltung<\/b><br \/>\n<br \/>\n<b>Amice<\/b> <\/td><td class=\"column-2\"><img decoding=\"async\" src=\"http:\/\/kassel-spielt.de\/press\/wp-content\/gallery\/personen\/Tobias.jpg\" width=\"150\" alt=\"Tobias\"><\/td><td class=\"column-3\">\u00c4nderungen <br \/>\nName<br \/>\nPostanschrift<br \/>\nE-Mail, Telefonnummern<br \/>\nBankverbindung<\/td><td class=\"column-4\">mitglieder [at] kassel-spielt.de<\/td>\n<\/tr>\n<tr class=\"row-11\">\n\t<td class=\"column-1\"><b>AG Homepage <\/b><br \/>\n<br \/>\n<b>Hannes, Sascha<\/b><br \/>\n<br \/>\n<\/td><td class=\"column-2\"><img loading=\"lazy\" decoding=\"async\" src=\"http:\/\/kassel-spielt.de\/press\/wp-content\/gallery\/personen\/platzhalter.png\" width=\"150\" height=\"90\" alt=\" Bild folgt\"><\/td><td class=\"column-3\">Erstellen von Beitr\u00e4gen und Pflegen der Veranstaltungen auf dieser Webseite<\/td><td class=\"column-4\">termine [at] kassel-spielt.de<\/td>\n<\/tr>\n<tr class=\"row-12\">\n\t<td class=\"column-1\"><b>AG Cafeteria - <\/b><br \/>\n<br \/>\n<b>Stefan, Amice, Sascha u.v.m.<\/b><br \/>\n<\/td><td class=\"column-2\"><img loading=\"lazy\" decoding=\"async\" src=\"http:\/\/kassel-spielt.de\/press\/wp-content\/gallery\/personen\/platzhalter.png\" width=\"150\" height=\"90\" alt=\" Bild folgt\"><\/td><td class=\"column-3\">Einkauf<br \/>\nVerkauf<br \/>\nWarenbestand<br \/>\nBestellung<\/td><td class=\"column-4\">cafeteria [at] kassel-spielt.de<\/td>\n<\/tr>\n<tr class=\"row-13\">\n\t<td class=\"column-1\"><b> Veranstaltungen<\/b><br \/>\n <br \/>\n<b>Maike Nolte<\/b><\/td><td class=\"column-2\"><img loading=\"lazy\" decoding=\"async\" src=\"http:\/\/kassel-spielt.de\/press\/wp-content\/gallery\/personen\/platzhalter.png\" width=\"150\" height=\"90\" alt=\" Bild folgt\"><\/td><td class=\"column-3\">Veranstaltungen Turniere<\/td><td class=\"column-4\">veranstaltungen [at] kassel-spielt.de<\/td>\n<\/tr>\n<tr class=\"row-14\">\n\t<td class=\"column-1\"><b>Siedler von Catan<\/b><br \/>\n<br \/>\n<b>Amice <\/b><br \/>\n<\/td><td class=\"column-2\"><img decoding=\"async\" src=\"http:\/\/kassel-spielt.de\/press\/wp-content\/gallery\/personen\/Tobias.jpg\" width=\"150\" alt=\"Tobias\"><\/td><td class=\"column-3\">Siedler von Catan Treff<\/td><td class=\"column-4\">siedler [at] kassel-spielt.de<br \/>\n<br \/>\nund im Klubraum!<\/td>\n<\/tr>\n<tr class=\"row-15\">\n\t<td class=\"column-1\"><b>Magic Draft<\/b><br \/>\n<br \/>\n<b>Thomas<\/b> <\/td><td class=\"column-2\"><img decoding=\"async\" src=\"https:\/\/kassel-spielt.de\/press\/wp-content\/uploads\/2023\/02\/Thomas-und-Sebastian-scaled-e1773842133158.jpg\" width=\"150\" alt=\"Thomas und Sebastian\"><\/td><td class=\"column-3\">Ansprechpartner f\u00fcr Magic Draft<\/td><td class=\"column-4\">Thomas: <br \/>\n0160 - 5494828<br \/>\n<br \/>\n<br \/>\n<\/td>\n<\/tr>\n<tr class=\"row-16\">\n\t<td class=\"column-1\"><b>Rollenspiel Samstag<\/b> <br \/>\n<br \/>\n<b>Daniel Donder<\/b><\/td><td class=\"column-2\"><img loading=\"lazy\" decoding=\"async\" src=\"http:\/\/kassel-spielt.de\/press\/wp-content\/gallery\/personen\/platzhalter.png\" width=\"150\" height=\"90\" alt=\" Bild folgt\"><\/td><td class=\"column-3\">Rollenspiel am Samstag, Warteliste<\/td><td class=\"column-4\">rollenspieldonder [at] gmail.com<\/td>\n<\/tr>\n<tr class=\"row-17\">\n\t<td class=\"column-1\"><\/td><td class=\"column-2\"><\/td><td class=\"column-3\"><\/td><td class=\"column-4\"><\/td>\n<\/tr>\n<\/tbody>\n<\/table>\n<!-- #tablepress-3 from cache -->\n","protected":false},"excerpt":{"rendered":"<p>Wir haben viele engagierte Mitglieder und auch unsere G\u00e4ste helfen regelm\u00e4\u00dfig bei unseren Veranstaltungen mit. Wenn Du zu einem bestimmten Thema einen Ansprechpartner suchst, hier sind unsere Kontaktpersonen:<\/p>\n","protected":false},"author":75,"featured_media":0,"parent":4,"menu_order":0,"comment_status":"closed","ping_status":"open","template":"","meta":{"rop_custom_images_group":[],"rop_custom_messages_group":[],"rop_publish_now":"initial","rop_publish_now_accounts":[],"rop_publish_now_history":[],"rop_publish_now_status":"pending","ngg_post_thumbnail":0,"footnotes":""},"class_list":["post-244","page","type-page","status-publish","hentry"],"_links":{"self":[{"href":"https:\/\/kassel-spielt.de\/press\/wp-json\/wp\/v2\/pages\/244","targetHints":{"allow":["GET"]}}],"collection":[{"href":"https:\/\/kassel-spielt.de\/press\/wp-json\/wp\/v2\/pages"}],"about":[{"href":"https:\/\/kassel-spielt.de\/press\/wp-json\/wp\/v2\/types\/page"}],"author":[{"embeddable":true,"href":"https:\/\/kassel-spielt.de\/press\/wp-json\/wp\/v2\/users\/75"}],"replies":[{"embeddable":true,"href":"https:\/\/kassel-spielt.de\/press\/wp-json\/wp\/v2\/comments?post=244"}],"version-history":[{"count":7,"href":"https:\/\/kassel-spielt.de\/press\/wp-json\/wp\/v2\/pages\/244\/revisions"}],"predecessor-version":[{"id":19918,"href":"https:\/\/kassel-spielt.de\/press\/wp-json\/wp\/v2\/pages\/244\/revisions\/19918"}],"up":[{"embeddable":true,"href":"https:\/\/kassel-spielt.de\/press\/wp-json\/wp\/v2\/pages\/4"}],"wp:attachment":[{"href":"https:\/\/kassel-spielt.de\/press\/wp-json\/wp\/v2\/media?parent=244"}],"curies":[{"name":"wp","href":"https:\/\/api.w.org\/{rel}","templated":true}]}}