{"id":2969,"date":"2015-03-30T18:10:34","date_gmt":"2015-03-30T16:10:34","guid":{"rendered":"http:\/\/Kassel-spielt.de\/press\/?page_id=2969"},"modified":"2025-11-14T14:59:59","modified_gmt":"2025-11-14T13:59:59","slug":"deutsche-brettspielmeisterschaft","status":"publish","type":"page","link":"https:\/\/kassel-spielt.de\/press\/termine-2\/deutsche-brettspielmeisterschaft\/","title":{"rendered":"Deutsche Brettspielmeisterschaft"},"content":{"rendered":"<h3><strong>Die Deutsche Brettspielmeisterschaft (RegVor)<\/strong><\/h3>\n<p>Die &#8222;<span style=\"font-family: Arial,Helvetica;\">deutsche Mannschaftsmeisterschaft im Brettspiel&#8220;, die DM,&nbsp; findet jedes Jahr im Mai in Bad Nauheim im Rahmen des &#8222;Spielewahnsinns&#8220; statt. Teilnehmer sind die Mannschaften, die sich in den Regionalen Vorentscheiden qualifiziert haben. Weitere Infos zur Meisterschaft, den Veranstaltern <a href=\"https:\/\/dmmib.de\/dm-2018\/der-finalort\/\">hier<\/a><br \/>\n<\/span><\/p>\n<p>Mitspielen tun Mannschaften aus genau vier Spielern. Jede Mannschaft besteht aus 4-6 Spielern &#8211; davon 2 Reservespieler. Wir empfehlen, die Reservespieler erst bei Bedarf nachzumelden, da sonst schlimmstenfalls wenn die urspr\u00fcnglich gemeldeten Reserve-Spieler an dem Tag auch nicht k\u00f6nnen (z.B. wegen Krankheit), die ganze Mannschaft nicht antreten kann.<\/p>\n<p>Jeder Spieler spielt jeweils vier Spiele aus verschiedenen Kategorien (Kartenspiel, Gl\u00fccksabh\u00e4ngiges Spiel, Familienspiel, Strategiespiel).<\/p>\n<h3><strong>Die Regionalen Vorentscheide<br \/>\n<\/strong><\/h3>\n<p>In 16 St\u00e4dten in Deutschland finden Regionale Vorentscheide (&#8222;RegVor&#8220;) zur DM statt. Au\u00dferdem gibt es ein separates Online-Turnier auf der Brettspielwelt.<\/p>\n<p>Wir sind stolz und gl\u00fccklich, dass Kassel einer von 16 Austragungsorten der RegVor ist. Wir, der Verein Kassel spielt e.V. organisieren diesen vor Ort. Die n\u00e4chste RegVor 2026 findet am 01.03.2025, bei uns in Kassel statt.<\/p>\n<p>den Termin im Kalender.<\/p>\n<p>Berichte von vergangenen RegVors in Kassel findet ihr unter Berichte-Sonderveranstaltungen.<\/p>\n<p>Weitere Information findet Ihr hier:&nbsp;<a href=\"https:\/\/dmmib.de\/\">https:\/\/dmmib.de\/<\/a><\/p>\n<p style=\"text-align: right;\">(Stand: 2025-11-14)<\/p>\n<hr>\n<p><strong>Fragen und Antworten zur RegVor 2025<\/strong><\/p>\n<ul>\n<li><strong>Frage:&nbsp;&nbsp;Da wir mit \u00f6ffentlichen Verkehrsmitteln anreisen, wollten wir fragen ob es stimmt das wir erst bis zum Kassel Hauptbahnhof fahren und danach mit den Bus bis zum Halitplatz fahren und aussteigen m\u00fcssen?<\/strong><\/li>\n<\/ul>\n<p class=\"query-text-line ng-star-inserted\">ab Kassel Willhelmsh\u00f6he k\u00f6nntet Ihr so fahren:<\/p>\n<p class=\"query-text-line ng-star-inserted\"><em>Fahren Sie mit&nbsp;Stra\u00dfenbahn&nbsp;Tram 1&nbsp;von&nbsp;Kassel Bahnhof Wilhelmsh\u00f6he&nbsp;ab Gleis&nbsp;E&nbsp;in Richtung&nbsp;Vellmar&nbsp;nach&nbsp;Kassel Halitplatz.<\/em><\/p>\n<p class=\"query-text-line ng-star-inserted\"><em>Ihre Abfahrt von&nbsp;Kassel Bahnhof Wilhelmsh\u00f6he&nbsp;ist&nbsp;am&nbsp;23.02.25&nbsp;um&nbsp;09:00,&nbsp;Ihre Ankunft in&nbsp;Kassel Halitplatz&nbsp;ist&nbsp;um&nbsp;09:21.<\/em><\/p>\n<p class=\"query-text-line ng-star-inserted\"><em>oder ab&nbsp;Hauptbahnhof&nbsp;Kassel ( Kulturbahnhof) fahrt:<\/em><\/p>\n<p class=\"query-text-line ng-star-inserted\"><em>Fahren Sie mit&nbsp;Bus&nbsp;Bus 37&nbsp;von&nbsp;Kassel Hauptbahnhof&nbsp;ab Gleis&nbsp;A&nbsp;in Richtung&nbsp;Lohfelden-Vollmarshausen&nbsp;nach&nbsp;Kassel K\u00f6nigsplatz\/Mauerstra\u00dfe.<\/em><\/p>\n<p class=\"query-text-line ng-star-inserted\"><em>Ihre Abfahrt von&nbsp;Kassel Hauptbahnhof&nbsp;ist&nbsp;am&nbsp;23.02.25&nbsp;um&nbsp;08:54,&nbsp;Ihre Ankunft in&nbsp;Kassel K\u00f6nigsplatz\/Mauerstra\u00dfe&nbsp;ist&nbsp;an Gleis&nbsp;C&nbsp;um&nbsp;08:57.<\/em><\/p>\n<p class=\"query-text-line ng-star-inserted\"><em>Gehen Sie von&nbsp;Kassel K\u00f6nigsplatz\/Mauerstra\u00dfe&nbsp;nach&nbsp;Kassel K\u00f6nigsplatz.<\/em><\/p>\n<p class=\"query-text-line ng-star-inserted\"><em>Sie ben\u00f6tigen daf\u00fcr ca.&nbsp;2 Min.<\/em><\/p>\n<p class=\"query-text-line ng-star-inserted\"><em>Fahren Sie mit&nbsp;Stra\u00dfenbahn&nbsp;Tram 1&nbsp;von&nbsp;Kassel K\u00f6nigsplatz&nbsp;ab Gleis&nbsp;A&nbsp;in Richtung&nbsp;Vellmar&nbsp;nach&nbsp;Kassel Halitplatz.<\/em><\/p>\n<p class=\"query-text-line ng-star-inserted\"><em>Ihre Abfahrt von&nbsp;Kassel K\u00f6nigsplatz&nbsp;ist&nbsp;um&nbsp;09:00,&nbsp;Ihre Ankunft in&nbsp;Kassel Halitplatz&nbsp;ist&nbsp;um&nbsp;09:06.<\/em><\/p>\n<p style=\"padding-left: 60px;\"><em>weitere Infos unter:&nbsp;&nbsp;<a href=\"https:\/\/www.nvv.de\/\">https:\/\/www.nvv.de\/&nbsp;<\/a><\/em><\/p>\n<ul>\n<li><strong>Frage:&nbsp;Wo findet die n\u00e4chste&nbsp;RegVor statt?<\/strong><\/li>\n<\/ul>\n<p style=\"padding-left: 60px;\"><em>Stadtteiltreff Mombach des DRK&nbsp;<\/em><em>Holl\u00e4ndische Str. 74 &#8211; 34127 Kassel<\/em><\/p>\n<ul>\n<li><strong>Frage: F\u00fchrt 2026 Kassel spielt wieder eine RegVor als Veranstalter durch?<\/strong><\/li>\n<\/ul>\n<p style=\"padding-left: 60px;\">Ja, am 01.03.2026<\/p>\n<ul>\n<li><strong>Frage:&nbsp; Wieviel Startgeld wird es kosten und ist es m\u00f6glich dieses Startgeld vor Ort an den Tag des RegVor zu bezahlen?<\/strong><\/li>\n<\/ul>\n<p style=\"padding-left: 60px;\"><em>Um an der RegVor 2026 teilzunehmen muss ein Team von 4 + 2 Ersatzspieler bestehen. Das Spielerteam muss dann 25 Euro vor Ort am Turniertag entrichten.&nbsp;<\/em><\/p>\n<ul>\n<li><strong>Frage: Wann das Turnier beginnt bzw. bis wann es l\u00e4ngstes dauert es.<\/strong>&nbsp;<\/li>\n<\/ul>\n<p style=\"padding-left: 60px;\">Anmeldung ist ab 10 Uhr m\u00f6glich und man kann alles bequem mit der Tram erreichen. Die Dauer der Veranstaltung h\u00e4ngt ein wenig von den Spielen und von den Spielern ab. Erfahrungsgem\u00e4\u00df ist 19 Uhr Siegerehrung. Es sind dieses mal 18 Mannschaften angemeldet, also 72 Personen.<\/p>\n<ul>\n<li><strong>Frage:&nbsp;Und falls sich ein Team f\u00fcr das Finale in Bad Nauheim qualifiziert, muss es sich dann extra nochmal f\u00fcr Bad Nauheim anmelden?&nbsp;<\/strong><\/li>\n<\/ul>\n<p style=\"padding-left: 60px;\">die Anmeldung \u00fcbernimmt dann Kassel spielt e.V. und man bekommt dann eine gesonderte Einladung f\u00fcr Bad Nauheim.<\/p>\n<ul>\n<li><strong>Frage:&nbsp;Wird es sobald die Qualifikationsspiele feststehen, es auch einen Angebotspreis f\u00fcr die vier Spiele geben und kann man sie bei dir bzw. bei Demmin&nbsp;bestellen?<\/strong><\/li>\n<\/ul>\n<p style=\"padding-left: 60px;\"><em>Mann muss die&nbsp;Qualifikationsspiele zur Regvor mitbringen und man kann Sie im Handel vorab erwerben. Bei uns im Verein kann man Sie nicht kaufen. Es soll einen Angebotspreis geben, mehr hierzu kann man nur \u00fcber den&nbsp;<a href=\"https:\/\/dmmib.de\/\"><strong>DMMiB erfahren.<\/strong><\/a><\/em><\/p>\n<p style=\"padding-left: 60px;\">&nbsp;<\/p>\n","protected":false},"excerpt":{"rendered":"<p>Die Deutsche Brettspielmeisterschaft (RegVor) Die &#8222;deutsche Mannschaftsmeisterschaft im Brettspiel&#8220;, die DM,&nbsp; findet jedes Jahr im Mai in Bad Nauheim im Rahmen des &#8222;Spielewahnsinns&#8220; statt. Teilnehmer sind die Mannschaften, die sich in den Regionalen Vorentscheiden qualifiziert haben. Weitere Infos zur Meisterschaft, den Veranstaltern hier Mitspielen tun Mannschaften aus genau vier Spielern. Jede Mannschaft besteht aus 4-6 [&hellip;]<\/p>\n","protected":false},"author":2,"featured_media":0,"parent":128,"menu_order":0,"comment_status":"closed","ping_status":"closed","template":"","meta":{"rop_custom_images_group":[],"rop_custom_messages_group":[],"rop_publish_now":"initial","rop_publish_now_accounts":[],"rop_publish_now_history":[],"rop_publish_now_status":"pending","ngg_post_thumbnail":0,"footnotes":""},"class_list":["post-2969","page","type-page","status-publish","hentry"],"_links":{"self":[{"href":"https:\/\/kassel-spielt.de\/press\/wp-json\/wp\/v2\/pages\/2969","targetHints":{"allow":["GET"]}}],"collection":[{"href":"https:\/\/kassel-spielt.de\/press\/wp-json\/wp\/v2\/pages"}],"about":[{"href":"https:\/\/kassel-spielt.de\/press\/wp-json\/wp\/v2\/types\/page"}],"author":[{"embeddable":true,"href":"https:\/\/kassel-spielt.de\/press\/wp-json\/wp\/v2\/users\/2"}],"replies":[{"embeddable":true,"href":"https:\/\/kassel-spielt.de\/press\/wp-json\/wp\/v2\/comments?post=2969"}],"version-history":[{"count":15,"href":"https:\/\/kassel-spielt.de\/press\/wp-json\/wp\/v2\/pages\/2969\/revisions"}],"predecessor-version":[{"id":102991,"href":"https:\/\/kassel-spielt.de\/press\/wp-json\/wp\/v2\/pages\/2969\/revisions\/102991"}],"up":[{"embeddable":true,"href":"https:\/\/kassel-spielt.de\/press\/wp-json\/wp\/v2\/pages\/128"}],"wp:attachment":[{"href":"https:\/\/kassel-spielt.de\/press\/wp-json\/wp\/v2\/media?parent=2969"}],"curies":[{"name":"wp","href":"https:\/\/api.w.org\/{rel}","templated":true}]}}