{"id":3006,"date":"2015-04-05T10:23:37","date_gmt":"2015-04-05T08:23:37","guid":{"rendered":"http:\/\/Kassel-spielt.de\/press\/?page_id=3006"},"modified":"2025-10-17T15:27:01","modified_gmt":"2025-10-17T13:27:01","slug":"familien-spieletag","status":"publish","type":"page","link":"https:\/\/kassel-spielt.de\/press\/termine-2\/familien-spieletag\/","title":{"rendered":"Familien-Spieletag"},"content":{"rendered":"<p>Der Familien-Spieletag ist unsere gr\u00f6\u00dfte Veranstaltung des Jahres.<\/p>\n<p>Er findet Ende November im B\u00fcrgersaal des Rathauses Kassel statt. Den ganzen Tag k\u00f6nnen nach Herzenslust Spiele ausprobiert werden: der Verein Kassel spielt, der Spielesammler Martin Ebel und die Stadtb\u00fccherei bringen Neuheiten und Klassiker mit &#8211; f\u00fcr jede ist etwas dabei: Kinderspiel, Familienspiel, Strategiespiel, Holzspiele,&nbsp; Kartenspiele &#8230;<\/p>\n<p>Jedes Jahr kommen \u00fcber 800 Besucher und testen die Spiele. Der Verein Kassel spielt e.V. hilft mit &#8222;Erkl\u00e4r-B\u00e4ren&#8220; in orange-farbenen T-Shirts bei den Regeln.<\/p>\n<p>Au\u00dferdem bieten wir in Kooperation mit Verlagen noch Turniere f\u00fcr Kinder und Erwachsene.<\/p>\n<p>Veranstalter sind der Verein Kassel spielt e.V. und die Stadt Kassel (Jugendb\u00fccher \/ Stadtb\u00fccherei). Weitere Unterst\u00fctzung erfolgt durch Verlage, die Spiele-Neuheiten schenken oder ausleihen und durch \u00f6rtliche Vereine, Spieleclubs und Verlage.<\/p>\n<h2>Infos und Programm zum <a href=\"https:\/\/kassel-spielt.de\/press\/events\/familien-spieletag-2025\/\">Familien-Spieletag 2025 gibt es hier!<\/a><\/h2>\n<p>Berichte von vergangenen Familien-Spieletagen findet ihr unter Berichte-Sonderveranstaltungen.<\/p>\n","protected":false},"excerpt":{"rendered":"<p>Der Familien-Spieletag ist unsere gr\u00f6\u00dfte Veranstaltung des Jahres. Er findet Ende November im B\u00fcrgersaal des Rathauses Kassel statt. Den ganzen Tag k\u00f6nnen nach Herzenslust Spiele ausprobiert werden: der Verein Kassel spielt, der Spielesammler Martin Ebel und die Stadtb\u00fccherei bringen Neuheiten und Klassiker mit &#8211; f\u00fcr jede ist etwas dabei: Kinderspiel, Familienspiel, Strategiespiel, Holzspiele,&nbsp; Kartenspiele &#8230; [&hellip;]<\/p>\n","protected":false},"author":2,"featured_media":2935,"parent":128,"menu_order":0,"comment_status":"closed","ping_status":"closed","template":"","meta":{"rop_custom_images_group":[],"rop_custom_messages_group":[],"rop_publish_now":"initial","rop_publish_now_accounts":[],"rop_publish_now_history":[],"rop_publish_now_status":"pending","ngg_post_thumbnail":0,"footnotes":""},"class_list":["post-3006","page","type-page","status-publish","has-post-thumbnail","hentry"],"_links":{"self":[{"href":"https:\/\/kassel-spielt.de\/press\/wp-json\/wp\/v2\/pages\/3006","targetHints":{"allow":["GET"]}}],"collection":[{"href":"https:\/\/kassel-spielt.de\/press\/wp-json\/wp\/v2\/pages"}],"about":[{"href":"https:\/\/kassel-spielt.de\/press\/wp-json\/wp\/v2\/types\/page"}],"author":[{"embeddable":true,"href":"https:\/\/kassel-spielt.de\/press\/wp-json\/wp\/v2\/users\/2"}],"replies":[{"embeddable":true,"href":"https:\/\/kassel-spielt.de\/press\/wp-json\/wp\/v2\/comments?post=3006"}],"version-history":[{"count":4,"href":"https:\/\/kassel-spielt.de\/press\/wp-json\/wp\/v2\/pages\/3006\/revisions"}],"predecessor-version":[{"id":102686,"href":"https:\/\/kassel-spielt.de\/press\/wp-json\/wp\/v2\/pages\/3006\/revisions\/102686"}],"up":[{"embeddable":true,"href":"https:\/\/kassel-spielt.de\/press\/wp-json\/wp\/v2\/pages\/128"}],"wp:featuredmedia":[{"embeddable":true,"href":"https:\/\/kassel-spielt.de\/press\/wp-json\/wp\/v2\/media\/2935"}],"wp:attachment":[{"href":"https:\/\/kassel-spielt.de\/press\/wp-json\/wp\/v2\/media?parent=3006"}],"curies":[{"name":"wp","href":"https:\/\/api.w.org\/{rel}","templated":true}]}}