{"id":4,"date":"2013-10-14T13:50:45","date_gmt":"2013-10-14T11:50:45","guid":{"rendered":"http:\/\/Kassel-spielt.de\/press\/?page_id=4"},"modified":"2026-04-11T01:55:30","modified_gmt":"2026-04-10T23:55:30","slug":"der-verein","status":"publish","type":"page","link":"https:\/\/kassel-spielt.de\/press\/","title":{"rendered":"Der Verein"},"content":{"rendered":"<h1><span style=\"color: #ff6600;\">Willkommen bei Kassel spielt!<\/span><\/h1>\n<blockquote><p><span style=\"color: #999999;\">Hier bist Du richtig, wenn du gerne spielst, auf der Suche nach neuen Spielen oder Mitspielern bist oder Informationen zum Thema Spielen in Kassel suchst. Wir bieten Spieletreffs &#8211; Spieleabende, Spielenachmittage &#8211; und Spiele-Turniere in Kassel &#8211; komm gerne vorbei!<\/span><\/p><\/blockquote>\n<p><span style=\"color: #ff6600;\"><strong>AKTUELL<\/strong><\/span><\/p>\n<ul>\n<li>Mehr Infos zu unseren Terminen in unserem <a href=\"https:\/\/kassel-spielt.de\/press\/newsletter\/\">Newsletter<\/a>.<\/li>\n<\/ul>\n<h2><span style=\"color: #ff0000;\"><strong>Das gro\u00dfe Jubil\u00e4ums-Event! <span style=\"color: #008000;\">20. Jahre <\/span><\/strong><span style=\"color: #008000;\"><strong>Kassel spielt e.V.<\/strong><\/span><\/span> am 25. und 26. April 2026!<\/h2>\n<ul>\n<li>Das Highlight der ersten Jahresh\u00e4lfte kommt!<\/li>\n<li>Offen f\u00fcr alle! Kostenlos! Neulinge willkommen!<\/li>\n<li>Buffet, Grillen, Spielewunsch-Box, Tombola mit vielen Preisen, Tische voller Herausforderungen, eine Spiele-Rallye mit vielen Neuheiten! &#8211; lasst Euch \u00fcberraschen! \ud83d\ude42<\/li>\n<li><a href=\"https:\/\/kassel-spielt.de\/press\/events\/event-jubilaeumsfeier-20-jahre-kassel-spielt-e-v\/\">Programm am 25.04 (Samstag)<\/a><\/li>\n<li><a href=\"https:\/\/kassel-spielt.de\/press\/events\/event-jubilaeumsfeier-sonntag-20-jahre-kassel-spielt-e-v\/\">Programm am 26.04 (Sonntag)<\/a><\/li>\n<li><strong>Mit \u00fcber 60 Neuheiten und vielen Preisen von unseren Sponsoren (vielen Dank!):&nbsp;<\/strong><\/li>\n<li><strong><a href=\"https:\/\/www.kosmos.de\/\" target=\"_blank\" rel=\"noopener\">KOSMOS<\/a> | <a href=\"https:\/\/www.gamefactory-games.com\/de\" target=\"_blank\" rel=\"noopener\">Gamefactory<\/a> | <a href=\"https:\/\/hutter-trade.com\/\" target=\"_blank\" rel=\"noopener\">Huch! (Hutter-Trade)<\/a> | <a href=\"https:\/\/www.nsv.de\/\" target=\"_blank\" rel=\"noopener\">NSV<\/a> | <a href=\"https:\/\/www.facebook.com\/Spieleburg.Kassel\/\" target=\"_blank\" rel=\"noopener\">Spielburg Kassel<\/a> | <a href=\"http:\/\/www.ravensburger.de\" target=\"_blank\" rel=\"noopener\">Ravensburger<\/a> | <a href=\"http:\/\/www.asmodee.de\/\" target=\"_blank\" rel=\"noopener\">Asmodee<\/a> | <a href=\"https:\/\/piatnik.com\/\" target=\"_blank\" rel=\"noopener\">Piatnik<\/a> | <a href=\"https:\/\/spiel-das.de\/\" target=\"_blank\" rel=\"noopener\">Spiel-Das!<\/a> | <a href=\"https:\/\/www.feuerland-spiele.de\/\" target=\"_blank\" rel=\"noopener\">Feuerland<\/a><\/strong><strong> |<\/strong> <a href=\"https:\/\/www.topp-kreativ.de\/spiele-raetsel\/spiele\/\" target=\"_blank\" rel=\"noopener\">TOPP frechverlag<\/a> | <a href=\"https:\/\/www.moses-verlag.de\/Buecher-Spiele\/Spiele\/\" target=\"_blank\" rel=\"noopener\">moses. Verlag<\/a> | &#8230; und noch mehr!<\/li>\n<\/ul>\n<p><span style=\"color: #ff6600;\"><strong>\u00dcBERSICHT:<\/strong><\/span><\/p>\n<ul>\n<li>Alle Infos zu unseren Spieletreffs und Sonderveranstaltungen erfahrt ihr hier auf der Homepage im <a href=\"https:\/\/kassel-spielt.de\/press\/termine-2\/\">Veranstaltungskalender<\/a> oder in unserem <a href=\"https:\/\/kassel-spielt.de\/press\/newsletter\/\">Newsletter<\/a><\/li>\n<li>TIPP: unsere <a href=\"https:\/\/spiele.kassel-spielt.de\/\">Webseite mit Spiele-Empfehlungen<\/a>. Mit Filterfunktion, so dass Du z.B. nach einem Spiel f\u00fcr 5 Personen mit einer Spieldauer von 45 Minuten suchen kannst.<\/li>\n<li>Schaut doch mal bei <a href=\"https:\/\/www.instagram.com\/kasselspielt\/?hl=de\">Instagram<\/a> vorbei. Oder das Geburtstagsvideo auf unserem <a href=\"https:\/\/www.youtube.com\/channel\/UCkeJwffzPvQGcxnbMBinBmA\">Youtube Kanal<\/a>.&nbsp;<\/li>\n<li><strong>Zum 10-j\u00e4hrigen Vereinsjubil\u00e4um gab es <\/strong>ein <a href=\"http:\/\/Kassel-spielt.de\/press\/jubilaeumsmagazin-ist-da\/\">Jubil\u00e4umsmagazin<\/a> mit vielen Geschichten, Infos und Fotos aus 10 Jahren Kassel spielt e.V.<\/li>\n<li>Um keine <strong>Neuigkeiten<\/strong> zu verpassen, melde Dich zu unserem <strong><a href=\"https:\/\/kassel-spielt.de\/press\/newsletter\/\">Newsletter<\/a> <\/strong>an!<\/li>\n<li>Weitere <b>Informationen&nbsp;<\/b>direkt als Bericht hier auf der <strong>Startseite<\/strong> &#8230;&nbsp;<sub>(weiter unten)<\/sub><\/li>\n<\/ul>\n<p style=\"text-align: right;\"><span style=\"font-size: 8pt;\">(Stand: 241113)<\/span><\/p>\n<p><span style=\"color: #ff6600;\"><strong>UND SONST?<\/strong><\/span><\/p>\n<p>Wir bieten <span style=\"font-size: 14pt; color: #99cc00;\"><strong>jeden Monat \u00fcber 30 Veranstaltungen<\/strong><\/span><strong> &#8230;<\/strong> eine \u00dcbersicht \u00fcber die regelm\u00e4\u00dfigen Termine findest Du unter <a href=\"\/press\/termine-2\/offene-treffs\/\">Offene Treffs<\/a> &amp; <a href=\"\/press\/termine-2\/spezielle-treffs\/\">Spezielle Treffs<\/a><a title=\"Termin\u00fcbersicht\" href=\"http:\/\/kassel-spielt.de\/press\/terminuebersicht\/\">. <\/a>Ansonsten werden Dir hier auf der Homepage links in der Spalte die n\u00e4chsten Veranstaltungen angezeigt.<br \/>\nTIPP: Wenn Dir die Spalte links mit dem Terminkalender nicht angezeigt wird (auch wenn Du Dein Smartphone oder Tablet quer h\u00e4ltst), dann findest Du <a href=\"https:\/\/kassel-spielt.de\/press\/termine-2\/\">hier den Kalender<\/a> als Webseite, so kannst Du Dich \u00fcber unsere Veranstaltungen informieren.<\/p>\n<p><a title=\"Wer ist Kassel spielt\" href=\"http:\/\/Kassel-spielt.de\/press\/der-verein\/geschichte-des-vereins\/\">Wer wir sind<\/a> findest Du unter Verein. Und WO du uns findest unter <a title=\"Vereinsr\u00e4ume\" href=\"http:\/\/kassel-spielt.de\/press\/der-verein\/das-vereinslokal\/\">Vereinsr\u00e4ume<\/a>.&nbsp; Welche Spiele Du bei uns Spielen kannst findest Du <a href=\"https:\/\/kassel-spielt.de\/press\/der-verein\/unsere-spielesammlung\/spieleuebersicht-beta\/\">hier<\/a>. Wenn Du in Erk\u00e4ltungs-Zeiten lieber kontaktlos spielen willst haben wir <a href=\"https:\/\/kassel-spielt.de\/press\/der-verein\/unsere-spielesammlung\/corona-spielliste\/\">hier<\/a> eine Liste mit Vorschl\u00e4gen. Und wenn Du Empfehlungen haben willst, was Du spielen k\u00f6nntest: schau doch mal auf unserer Webseite mit den <a href=\"https:\/\/spiele.kassel-spielt.de\/\">Spiele-Empfehlungen<\/a> vorbei.<\/p>\n<p>Und weil viele nachgefragt haben, wie unsere Bankverbindung ist (was uns sehr freut, weil der Verein sich \u00fcber Mitgliedsbeitr\u00e4ge, die Cafeteria und Spenden finanziert): die Infos dazu findest Du im <a href=\"http:\/\/kassel-spielt.de\/press\/downloads\/\">Download-Bereich<\/a>.<\/p>\n<p><strong><span style=\"color: #ff6600;\">Wir freuen uns, Dich beim Spielen kennenzulernen! Bis bald!<\/span><\/strong><\/p>\n","protected":false},"excerpt":{"rendered":"<p>Willkommen bei Kassel spielt! Hier bist Du richtig, wenn du gerne spielst, auf der Suche nach neuen Spielen oder Mitspielern bist oder Informationen zum Thema Spielen in Kassel suchst. Wir bieten Spieletreffs &#8211; Spieleabende, Spielenachmittage &#8211; und Spiele-Turniere in Kassel &#8211; komm gerne vorbei! AKTUELL Mehr Infos zu unseren Terminen in unserem Newsletter. Das gro\u00dfe [&hellip;]<\/p>\n","protected":false},"author":75,"featured_media":0,"parent":0,"menu_order":0,"comment_status":"closed","ping_status":"closed","template":"","meta":{"rop_custom_images_group":[],"rop_custom_messages_group":[],"rop_publish_now":"initial","rop_publish_now_accounts":[],"rop_publish_now_history":[],"rop_publish_now_status":"pending","ngg_post_thumbnail":0,"footnotes":""},"class_list":["post-4","page","type-page","status-publish","hentry"],"_links":{"self":[{"href":"https:\/\/kassel-spielt.de\/press\/wp-json\/wp\/v2\/pages\/4","targetHints":{"allow":["GET"]}}],"collection":[{"href":"https:\/\/kassel-spielt.de\/press\/wp-json\/wp\/v2\/pages"}],"about":[{"href":"https:\/\/kassel-spielt.de\/press\/wp-json\/wp\/v2\/types\/page"}],"author":[{"embeddable":true,"href":"https:\/\/kassel-spielt.de\/press\/wp-json\/wp\/v2\/users\/75"}],"replies":[{"embeddable":true,"href":"https:\/\/kassel-spielt.de\/press\/wp-json\/wp\/v2\/comments?post=4"}],"version-history":[{"count":334,"href":"https:\/\/kassel-spielt.de\/press\/wp-json\/wp\/v2\/pages\/4\/revisions"}],"predecessor-version":[{"id":104407,"href":"https:\/\/kassel-spielt.de\/press\/wp-json\/wp\/v2\/pages\/4\/revisions\/104407"}],"wp:attachment":[{"href":"https:\/\/kassel-spielt.de\/press\/wp-json\/wp\/v2\/media?parent=4"}],"curies":[{"name":"wp","href":"https:\/\/api.w.org\/{rel}","templated":true}]}}