{"id":51,"date":"2013-10-14T15:52:23","date_gmt":"2013-10-14T13:52:23","guid":{"rendered":"http:\/\/Kassel-spielt.de\/press\/?page_id=51"},"modified":"2025-03-13T14:43:04","modified_gmt":"2025-03-13T13:43:04","slug":"impressum","status":"publish","type":"page","link":"https:\/\/kassel-spielt.de\/press\/impressum\/","title":{"rendered":"Impressum"},"content":{"rendered":"<h3>Impressum und Datenschutzerkl\u00e4rung nach&nbsp;<b>DSGVO<\/b><\/h3>\n<p>Angaben gem\u00e4\u00df \u00a7 5 TMG:<\/p>\n<h2>Anschrift und Kontaktdaten des Vereins<\/h2>\n<p>Kassel spielt e.V.<br \/>\nAn der Fuldabr\u00fccke 6<br \/>\n34125 Kassel<\/p>\n<h2>Vertreten durch:<\/h2>\n<p>Den Vorstand, vertretungsberechtigt sind der\/die 1. Vorsitzende oder zwei beliebige andere Vorstandsmitglieder.<br \/>\nDie aktuellen Mitglieder des Vorstands siehe bei <a href=\"https:\/\/kassel-spielt.de\/press\/der-verein\/244-2\/\">Vorstand &amp; Ansprechpartner<\/a><\/p>\n<h2>Kontakt:<\/h2>\n<p>Wenn Ihr Kontakt mit uns aufnehmen wollt, dann schickt uns doch einfach eine E-Mail an info (\u00e4t) kassel-spielt.de, nutzt das <a href=\"http:\/\/Kassel-spielt.de\/press\/?page_id=59\">Kontaktformular<\/a> oder kommt zu einem unserer Spiele-Treffs, Tage und Uhrzeiten unter Termine<\/p>\n<h2>Registereintrag:<\/h2>\n<p>Eintragung im Vereinsregister.<br \/>\nRegistergericht: Amtgericht Kassel; 34111 Kassel<br \/>\nRegisternummer: VR 4596<\/p>\n<h2>Admin-C<\/h2>\n<p>T o b i a s&nbsp; R a d e<br \/>\nhomepage [ at ] kassel-spielt.de<\/p>\n<p>Quelle: <i><a href=\"http:\/\/www.e-recht24.de\" rel=\"nofollow\">http:\/\/www.e-recht24.de<\/a><\/i><\/p>\n<h2>Haftungsausschluss:<\/h2>\n<p><strong>Haftung f\u00fcr Inhalte<\/strong><\/p>\n<p>Als Diensteanbieter sind wir gem\u00e4\u00df \u00a7 7 Abs.1 TMG f\u00fcr eigene Inhalte auf diesen Seiten nach den allgemeinen Gesetzen verantwortlich. Nach \u00a7\u00a7 8 bis 10 TMG sind wir als Diensteanbieter jedoch nicht verpflichtet, \u00fcbermittelte oder gespeicherte fremde Informationen zu \u00fcberwachen oder nach Umst\u00e4nden zu forschen, die auf eine rechtswidrige T\u00e4tigkeit hinweisen. Verpflichtungen zur Entfernung oder Sperrung der Nutzung von Informationen nach den allgemeinen Gesetzen bleiben hiervon unber\u00fchrt. Eine diesbez\u00fcgliche Haftung ist jedoch erst ab dem Zeitpunkt der Kenntnis einer konkreten Rechtsverletzung m\u00f6glich. Bei Bekanntwerden von entsprechenden Rechtsverletzungen werden wir diese Inhalte umgehend entfernen.<\/p>\n<p><strong>Haftung f\u00fcr Links<\/strong><\/p>\n<p>Unser Angebot enth\u00e4lt Links zu externen Webseiten Dritter, auf deren Inhalte wir keinen Einfluss haben. Deshalb k\u00f6nnen wir f\u00fcr diese fremden Inhalte auch keine Gew\u00e4hr \u00fcbernehmen. F\u00fcr die Inhalte der verlinkten Seiten ist stets der jeweilige Anbieter oder Betreiber der Seiten verantwortlich. Die verlinkten Seiten wurden zum Zeitpunkt der Verlinkung auf m\u00f6gliche Rechtsverst\u00f6\u00dfe \u00fcberpr\u00fcft. Rechtswidrige Inhalte waren zum Zeitpunkt der Verlinkung nicht erkennbar. Eine permanente inhaltliche Kontrolle der verlinkten Seiten ist jedoch ohne konkrete Anhaltspunkte einer Rechtsverletzung nicht zumutbar. Bei Bekanntwerden von Rechtsverletzungen werden wir derartige Links umgehend entfernen.<\/p>\n<p><strong>Urheberrecht<\/strong><\/p>\n<p>Die durch die Seitenbetreiber erstellten Inhalte und Werke auf diesen Seiten unterliegen dem deutschen Urheberrecht. Die Vervielf\u00e4ltigung, Bearbeitung, Verbreitung und jede Art der Verwertung au\u00dferhalb der Grenzen des Urheberrechtes bed\u00fcrfen der schriftlichen Zustimmung des jeweiligen Autors bzw. Erstellers. Downloads und Kopien dieser Seite sind nur f\u00fcr den privaten, nicht kommerziellen Gebrauch gestattet. Soweit die Inhalte auf dieser Seite nicht vom Betreiber erstellt wurden, werden die Urheberrechte Dritter beachtet. Insbesondere werden Inhalte Dritter als solche gekennzeichnet. Sollten Sie trotzdem auf eine Urheberrechtsverletzung aufmerksam werden, bitten wir um einen entsprechenden Hinweis. Bei Bekanntwerden von Rechtsverletzungen werden wir derartige Inhalte umgehend entfernen.<\/p>\n<p><i>Quellverweis: <a href=\"http:\/\/www.e-recht24.de\/muster-disclaimer.htm\" target=\"_blank\" rel=\"nofollow noopener noreferrer\">eRecht24 Disclaimer<\/a><\/i><\/p>\n<h2>Datenschutzerkl\u00e4rung:<\/h2>\n<p><strong>Datenschutz<\/strong><\/p>\n<p>Die Nutzung unserer Webseite ist in der Regel ohne Angabe personenbezogener Daten m\u00f6glich. Soweit auf unseren Seiten personenbezogene Daten (beispielsweise Name, Anschrift oder eMail-Adressen) erhoben werden, erfolgt dies, soweit m\u00f6glich, stets auf freiwilliger Basis. Diese Daten werden ohne Ihre ausdr\u00fcckliche Zustimmung nicht an Dritte weitergegeben.<\/p>\n<p>Wir weisen darauf hin, dass die Daten\u00fcbertragung im Internet (z.B. bei der Kommunikation per E-Mail) Sicherheitsl\u00fccken aufweisen kann. Ein l\u00fcckenloser Schutz der Daten vor dem Zugriff durch Dritte ist nicht m\u00f6glich.<\/p>\n<p>Der Nutzung von im Rahmen der Impressumspflicht ver\u00f6ffentlichten Kontaktdaten durch Dritte zur \u00dcbersendung von nicht ausdr\u00fccklich angeforderter Werbung und Informationsmaterialien wird hiermit ausdr\u00fccklich widersprochen. Die Betreiber der Seiten behalten sich ausdr\u00fccklich rechtliche Schritte im Falle der unverlangten Zusendung von Werbeinformationen, etwa durch Spam-Mails, vor.<\/p>\n<p><strong><big>Datenschutzerkl\u00e4rung<\/big><\/strong><\/p>\n<p><strong>Anbieter und verantwortliche Stelle im Sinne des Datenschutzgesetzes<\/strong><\/p>\n<p><span id=\"s3-t-firma\">Kassel spielt. e.V.<\/span><br \/>\n<span id=\"s3-t-ansprechpartner\">Dr. Stefan Roth (1. Vorsitzender)<\/span><br \/>\n<span id=\"s3-t-strasse\">An der Fuldabr\u00fccke 6<\/span><br \/>\n<span id=\"s3-t-plz\">34125<\/span> <span id=\"s3-t-ort\">Kassel<\/span><\/p>\n<p><strong>Geltungsbereich<\/strong><\/p>\n<p>Nutzer erhalten mit dieser Datenschutzerkl\u00e4rung Information \u00fcber die Art, den Umfang und Zweck der Erhebung und Verwendung ihrer Daten durch den verantwortlichen Anbieter erhoben und verwendet werden.<\/p>\n<p>Den rechtlichen Rahmen f\u00fcr den Datenschutz bilden das Bundesdatenschutzgesetz (BDSG) und das Telemediengesetz (TMG).<\/p>\n<p><strong>Erfassung allgemeiner Informationen<\/strong><\/p>\n<p>Mit jedem Zugriff auf dieses Angebot werden durch uns bzw. den Webspace-Provider automatisch Informationen erfasst. Diese Informationen, auch als Server-Logfiles bezeichnet, sind allgemeiner Natur und erlauben keine R\u00fcckschl\u00fcsse auf Ihre Person.<\/p>\n<p>Erfasst werden unter anderem: Name der Webseite, Datei, Datum, Datenmenge, Webbrowser und Webbrowser-Version, Betriebssystem, der Domainname Ihres Internet-Providers, die sogenannte Referrer-URL (jene Seite, von der aus Sie auf unser Angebot zugegriffen haben) und die IP-Adresse.<\/p>\n<p>Ohne diese Daten w\u00e4re es technisch teils nicht m\u00f6glich, die Inhalte der Webseite auszuliefern und darzustellen. Insofern ist die Erfassung der Daten zwingend notwendig. Dar\u00fcber hinaus verwenden wir die anonymen Informationen f\u00fcr statistische Zwecke. Sie helfen uns bei der Optimierung des Angebots und der Technik. Wir behalten uns zudem das Recht vor, die Log-Files bei Verdacht auf eine rechtswidrige Nutzung unseres Angebotes nachtr\u00e4glich zu kontrollieren.<\/p>\n<p><strong>Umgang mit personenbezogenen Daten<\/strong><\/p>\n<p>Definition: Als personenbezogene Daten gelten alle Informationen, anhand derer eine Person eindeutig identifizierbar ist. Es handelt sich somit um Daten, die zu einer Person zur\u00fcckverfolgt werden k\u00f6nnen.<\/p>\n<p>Zu diesen personenbezogenen Daten z\u00e4hlen der Vorname und der Name, die Telefonnummer sowie die E-Mail-Adresse. Ebenso als personenbezogene Daten gelten Informationen zu Hobbies, Mitgliedschaften und Vorlieben sowie Internetseiten, die aufgerufen wurden.<\/p>\n<p>Diese Daten werden vom Anbieter nur erhoben, genutzt und gegebenenfalls weitergegeben, sofern der Gesetzgeber dies ausdr\u00fccklich erlaubt oder aber der Nutzer in die Erhebung, Bearbeitung, Nutzung und Weitergabe der Daten einwilligt.<\/p>\n<p><strong>Registrierung auf unserer Webseite<\/strong><\/p>\n<p>Registrieren Sie sich auf unserer Webseite, um personalisierte Leistungen in Anspruch zu nehmen, werden personenbezogene Daten erhoben. Dazu z\u00e4hlen der Name, die Anschrift sowie die Telefonnummer und die E-Mail-Adresse als Kontakt- und Kommunikationsdaten.<\/p>\n<p>Die Anmeldung erm\u00f6glicht den Zugriff auf Leistungen und Inhalte, die nur registrierten Nutzern zur Verf\u00fcgung stehen. Bei Bedarf haben angemeldete Nutzer die M\u00f6glichkeit, die im Rahmen der Registrierung genannten Daten jederzeit zu \u00e4ndern oder zu l\u00f6schen. Auf Wunsch teilen wir Ihnen selbstverst\u00e4ndlich mit, welche personenbezogenen Daten erhoben und gespeichert wurden. Dar\u00fcber hinaus berichtigen oder l\u00f6schen wir die Daten auf Anfrage, vorausgesetzt dem Anliegen stehen keine gesetzlichen Aufbewahrungspflichten entgegen. F\u00fcr R\u00fcckfragen sowie ihre Bitte um Korrektur oder L\u00f6schung der Daten nutzen Sie bitte die in dieser Datenschutzerkl\u00e4rung genannten Kontaktdaten.<\/p>\n<p><strong>Erbringung kostenpflichtiger Leistungen<\/strong><\/p>\n<p>Damit wir kostenpflichtige Leistungen erbringen k\u00f6nnen, fragen wir zus\u00e4tzliche Daten ab. Das gilt zum Beispiel f\u00fcr die Angaben zur Zahlung.<\/p>\n<p>Damit die Sicherheit Ihrer Daten w\u00e4hrend der \u00dcbertragung gew\u00e4hrleistet ist, arbeiten wir mit Verschl\u00fcsselungsverfahren (etwa SSL) \u00fcber HTTPS, die den aktuellen Stand der Technik widerspiegeln.<\/p>\n<p><strong>Kommentarfunktion<\/strong><\/p>\n<p>Werden Kommentare oder sonstige Beitr\u00e4ge auf unserem Angebot verfasst und ver\u00f6ffentlicht, speichern wir die IP-Adresse, den Nutzernamen und den Zeitpunkt der Erstellung. Diese Daten werden aus Sicherheitsgr\u00fcnden erhoben, da der Anbieter f\u00fcr rechtswidrige Inhalte (verbotene Propaganda, Beleidigungen u.a.) belangt werden kann, auch wenn sie von dritter Seite erstellt wurden. In einem solchen Fall dienen die Informationen dazu, die Identit\u00e4t des Verfassers zu ermitteln.<\/p>\n<p><strong>Kommentarabonnement<\/strong><\/p>\n<p>Wenn Nutzer dieses Angebots Nachfolgekommentare abonnieren, erhalten sie eine Best\u00e4tigungsmail. Mit dieser E-Mail stellen wir sicher, dass der Nutzer auch tats\u00e4chlich Inhaber der genannten E-Mail-Adresse ist. Sie haben jederzeit die M\u00f6glichkeit, das Kommentarabonnement zu beenden. Hinweise dazu erhalten Sie zusammen mit der Best\u00e4tigungsmail.<\/p>\n<p><strong>Newsletter<\/strong><\/p>\n<p>Melden Sie sich f\u00fcr unseren Newsletter an, verwenden wir die von Ihnen eingegebenen Daten ausschlie\u00dflich f\u00fcr diesen Zweck oder um sie \u00fcber die f\u00fcr diesen Dienst oder die Registrierung relevanten Umst\u00e4nde zu informieren. Diese Daten geben wir nicht an Dritte weiter.<\/p>\n<p>F\u00fcr den Empfang des Newsletters bedarf es einer validen (g\u00fcltigen) E-Mail-Adresse. Gespeichert werden zudem die IP-Adresse, \u00fcber die Sie sich f\u00fcr den Newsletter anmelden und das Datum, an dem Sie den Newsletter bestellen. Diese Daten dienen uns als Nachweis bei Missbrauch, falls eine fremde E-Mail-Adresse f\u00fcr den Newsletter angemeldet wird. Um dar\u00fcber hinaus sicherzustellen, dass eine E-Mail-Adresse nicht missbr\u00e4uchlich durch Dritte in unseren Verteiler eingetragen wird, arbeiten wir gesetzeskonform mit dem sogenannten \u201eDouble-Opt-In\u201c-Verfahren. Im Rahmen dieses Verfahren werden die Bestellung des Newsletters, der Versand der Best\u00e4tigungsmail und der Erhalt der Anmeldebest\u00e4tigung protokolliert.<\/p>\n<p>Sie haben jederzeit die M\u00f6glichkeit, Ihre Einwilligung zur Speicherung der Daten, Ihrer E-Mail-Adresse und deren Nutzung f\u00fcr den Newsletter-Versand zu widerrufen. F\u00fcr den Widerruf stellen wir Ihnen in jedem Newsletter und auf der Webseite einen Link zur Verf\u00fcgung. Sie haben au\u00dferdem die M\u00f6glichkeit, uns Ihren Widerrufswunsch \u00fcber die in diesem Dokument genannten Kontaktm\u00f6glichkeiten mitzuteilen.<\/p>\n<p><strong>Kontaktformular<\/strong><\/p>\n<p>Wenn Sie uns \u00fcber das Onlineformular oder per E-Mail kontaktieren, speichern wir die von Ihnen gemachten Angaben, um Ihre Anfrage beantworten und m\u00f6gliche Anschlussfragen stellen zu k\u00f6nnen.<\/p>\n<p><strong>Einbindung von Diensten und Inhalten Dritter<\/strong><\/p>\n<p>Unser Angebot umfasst mitunter Inhalte, Dienste und Leistungen anderer Anbieter. Das sind zum Beispiel Karten, die von Google-Maps zur Verf\u00fcgung gestellt werden, Videos von YouTube sowie Grafiken und Bilder anderer Webseiten. Damit diese Daten im Browser des Nutzers aufgerufen und dargestellt werden k\u00f6nnen, ist die \u00dcbermittlung der IP-Adresse zwingend notwendig. Die Anbieter (im Folgenden als \u201eDritt-Anbieter\u201c bezeichnet) nehmen also die IP-Adresse des jeweiligen Nutzers wahr.<\/p>\n<p>Auch wenn wir bem\u00fcht sind, ausschlie\u00dflich Dritt-Anbieter zu nutzen, welche die IP-Adresse nur ben\u00f6tigen, um Inhalte ausliefern zu k\u00f6nnen, haben wir keinen Einfluss darauf, ob die IP-Adresse m\u00f6glicherweise gespeichert wird. Dieser Vorgang dient in dem Fall unter anderem statistischen Zwecken. Sofern wir Kenntnis davon haben, dass die IP-Adresse gespeichert wird, weisen wir unsere Nutzer darauf hin.<\/p>\n<p><strong>Cookies<\/strong><\/p>\n<p>Diese Webseite verwendet sogenannte Cookies. Das sind Textdateien, die vom Server aus auf Ihrem Rechner gespeichert werden. Sie enthalten Informationen zum Browser, zur IP-Adresse, dem Betriebssystem und zur Internetverbindung. Diese Daten werden von uns nicht an Dritte weitergegeben oder ohne ihre Zustimmung mit personenbezogenen Daten verkn\u00fcpft.<\/p>\n<p>Cookies erf\u00fcllen vor allem zwei Aufgaben. Sie helfen uns, Ihnen die Navigation durch unser Angebot zu erleichtern, und erm\u00f6glichen die korrekte Darstellung der Webseite. Sie werden nicht dazu genutzt, Viren einzuschleusen oder Programme zu starten.<\/p>\n<p>Nutzer haben die M\u00f6glichkeit, unser Angebot auch ohne Cookies aufzurufen. Dazu m\u00fcssen im Browser die entsprechenden Einstellungen ge\u00e4ndert werden. Informieren Sie sich bitte \u00fcber die Hilfsfunktion Ihres Browsers, wie Cookies deaktiviert werden. Wir weisen allerdings darauf hin, dass dadurch einige Funktionen dieser Webseite m\u00f6glicherweise beeintr\u00e4chtigt werden und der Nutzungskomfort eingeschr\u00e4nkt wird. Die Seiten <a href=\"http:\/\/www.aboutads.info\/choices\/\">http:\/\/www.aboutads.info\/choices\/<\/a> (USA) und <a href=\"http:\/\/www.youronlinechoices.com\/uk\/your-ad-choices\/\">http:\/\/www.youronlinechoices.com\/uk\/your-ad-choices\/<\/a> (Europa) erlauben es Ihnen, Online-Anzeigen-Cookies zu verwalten.<\/p>\n<p><strong>Verwendung von Google Analytics<\/strong><\/p>\n<p>Diese Webseite benutzt Google Analytics, einen Webanalysedienst der Google Inc. (\u201cGoogle\u201d). Google Analytics verwendet sog. \u201cCookies\u201d, Textdateien, die auf Ihrem Computer gespeichert werden und die eine Analyse der Benutzung der Webseite durch Sie erm\u00f6glichen. Die durch den Cookie erzeugten Informationen \u00fcber Ihre Benutzung dieser Webseite werden in der Regel an einen Server von Google in den USA \u00fcbertragen und dort gespeichert. Aufgrund der Aktivierung der IP-Anonymisierung auf diesen Webseiten, wird Ihre IP-Adresse von Google jedoch innerhalb von Mitgliedstaaten der Europ\u00e4ischen Union oder in anderen Vertragsstaaten des Abkommens \u00fcber den Europ\u00e4ischen Wirtschaftsraum zuvor gek\u00fcrzt. Nur in Ausnahmef\u00e4llen wird die volle IP-Adresse an einen Server von Google in den USA \u00fcbertragen und dort gek\u00fcrzt.<\/p>\n<p>Im Auftrag des Betreibers dieser Webseite wird Google diese Informationen benutzen, um Ihre Nutzung der Webseite auszuwerten, um Reports \u00fcber die Webseitenaktivit\u00e4ten zusammenzustellen und um weitere mit der Webseitennutzung und der Internetnutzung verbundene Dienstleistungen gegen\u00fcber dem Webseitenbetreiber zu erbringen. Die im Rahmen von Google Analytics von Ihrem Browser \u00fcbermittelte IP-Adresse wird nicht mit anderen Daten von Google zusammengef\u00fchrt. Sie k\u00f6nnen die Speicherung der Cookies durch eine entsprechende Einstellung Ihrer Browser-Software verhindern. Wir weisen Sie jedoch darauf hin, dass Sie in diesem Fall gegebenenfalls nicht s\u00e4mtliche Funktionen dieser Webseite vollumf\u00e4nglich werden nutzen k\u00f6nnen.<\/p>\n<p>Sie k\u00f6nnen dar\u00fcber hinaus die Erfassung der durch das Cookie erzeugten und auf Ihre Nutzung der Webseite bezogenen Daten (inkl. Ihrer IP-Adresse) an Google sowie die Verarbeitung dieser Daten durch Google verhindern, indem sie das unter dem folgenden Link verf\u00fcgbare Browser-Plugin herunterladen und installieren: <a href=\"http:\/\/tools.google.com\/dlpage\/gaoptout?hl=de\">Browser Add On zur Deaktivierung von Google Analytics<\/a>.<\/p>\n<p>N\u00e4here Informationen zu Nutzungsbedingungen und Datenschutz finden Sie unter <a href=\"http:\/\/www.google.com\/analytics\/terms\/de.html\">http:\/\/www.google.com\/analytics\/terms\/de.html<\/a> bzw. unter <a href=\"https:\/\/www.google.de\/intl\/de\/policies\/\">https:\/\/www.google.de\/intl\/de\/policies\/<\/a>.<\/p>\n<p><strong>Datensparsamkeit<\/strong><\/p>\n<p>Personenbezogene Daten speichern wir gem\u00e4\u00df den Grunds\u00e4tzen der Datenvermeidung und Datensparsamkeit nur so lange, wie es erforderlich ist oder vom Gesetzgeber her vorgeschrieben wird (gesetzliche Speicherfrist). Entf\u00e4llt der Zweck der erhobenen Informationen oder endet die Speicherfrist, sperren oder l\u00f6schen wir die Daten.<\/p>\n<p><strong>Ihre Rechte auf Auskunft, Berichtigung, Sperre, L\u00f6schung und Widerspruch<\/strong><\/p>\n<p>Sie haben das Recht, auf Antrag unentgeltlich eine Auskunft, \u00fcber die bei uns gespeicherten personenbezogenen Daten, anzufordern und\/oder eine Berichtigung, Sperrung oder L\u00f6schung zu verlangen. Ausnahmen: Es handelt sich um die vorgeschriebene Datenspeicherung zur Gesch\u00e4ftsabwicklung oder die Daten unterliegen der gesetzlichen Aufbewahrungspflicht.<\/p>\n<p>F\u00fcr diese Zwecke kontaktieren Sie bitte unseren Datenschutzbeauftragen (Kontaktdaten: am Ende der Datenschutzerkl\u00e4rung).<\/p>\n<p>Um eine Datensperre jederzeit ber\u00fccksichtigen zu k\u00f6nnen, ist es erforderlich, die Daten f\u00fcr Kontrollzwecke in einer Sperrdatei vorzuhalten. Besteht keine gesetzliche Archivierungspflicht, k\u00f6nnen Sie auch die L\u00f6schung der Daten verlangen. Anderenfalls sperren wir die Daten, sofern Sie dies w\u00fcnschen.<\/p>\n<p><strong>\u00c4nderung unserer Datenschutzerkl\u00e4rung<\/strong><\/p>\n<p>Um zu gew\u00e4hrleisten, dass unsere Datenschutzerkl\u00e4rung stets den aktuellen gesetzlichen Vorgaben entspricht, behalten wir uns jederzeit \u00c4nderungen vor. Das gilt auch f\u00fcr den Fall, dass die Datenschutzerkl\u00e4rung aufgrund neuer oder \u00fcberarbeiteter Leistungen, zum Beispiel neuer Serviceleistungen, angepasst werden muss. Die neue Datenschutzerkl\u00e4rung greift dann bei Ihrem n\u00e4chsten Besuch auf unserem Angebot.<\/p>\n<p><small>Quelle: Datenschutz-Konfigurator von <a href=\"http:\/\/www.mein-datenschutzbeauftragter.de\" target=\"_blank\" rel=\"noopener noreferrer\">mein-datenschutzbeauftragter.de<\/a><\/small><\/p>\n","protected":false},"excerpt":{"rendered":"<p>Impressum und Datenschutzerkl\u00e4rung nach&nbsp;DSGVO Angaben gem\u00e4\u00df \u00a7 5 TMG: Anschrift und Kontaktdaten des Vereins Kassel spielt e.V. An der Fuldabr\u00fccke 6 34125 Kassel Vertreten durch: Den Vorstand, vertretungsberechtigt sind der\/die 1. Vorsitzende oder zwei beliebige andere Vorstandsmitglieder. Die aktuellen Mitglieder des Vorstands siehe bei Vorstand &amp; Ansprechpartner Kontakt: Wenn Ihr Kontakt mit uns aufnehmen wollt, [&hellip;]<\/p>\n","protected":false},"author":75,"featured_media":0,"parent":0,"menu_order":0,"comment_status":"closed","ping_status":"open","template":"","meta":{"rop_custom_images_group":[],"rop_custom_messages_group":[],"rop_publish_now":"initial","rop_publish_now_accounts":[],"rop_publish_now_history":[],"rop_publish_now_status":"pending","ngg_post_thumbnail":0,"footnotes":""},"class_list":["post-51","page","type-page","status-publish","hentry"],"_links":{"self":[{"href":"https:\/\/kassel-spielt.de\/press\/wp-json\/wp\/v2\/pages\/51","targetHints":{"allow":["GET"]}}],"collection":[{"href":"https:\/\/kassel-spielt.de\/press\/wp-json\/wp\/v2\/pages"}],"about":[{"href":"https:\/\/kassel-spielt.de\/press\/wp-json\/wp\/v2\/types\/page"}],"author":[{"embeddable":true,"href":"https:\/\/kassel-spielt.de\/press\/wp-json\/wp\/v2\/users\/75"}],"replies":[{"embeddable":true,"href":"https:\/\/kassel-spielt.de\/press\/wp-json\/wp\/v2\/comments?post=51"}],"version-history":[{"count":6,"href":"https:\/\/kassel-spielt.de\/press\/wp-json\/wp\/v2\/pages\/51\/revisions"}],"predecessor-version":[{"id":101836,"href":"https:\/\/kassel-spielt.de\/press\/wp-json\/wp\/v2\/pages\/51\/revisions\/101836"}],"wp:attachment":[{"href":"https:\/\/kassel-spielt.de\/press\/wp-json\/wp\/v2\/media?parent=51"}],"curies":[{"name":"wp","href":"https:\/\/api.w.org\/{rel}","templated":true}]}}