{"id":63,"date":"2013-10-14T17:05:57","date_gmt":"2013-10-14T15:05:57","guid":{"rendered":"http:\/\/Kassel-spielt.de\/press\/?page_id=63"},"modified":"2020-12-21T14:13:11","modified_gmt":"2020-12-21T13:13:11","slug":"geschichte-des-vereins","status":"publish","type":"page","link":"https:\/\/kassel-spielt.de\/press\/der-verein\/geschichte-des-vereins\/","title":{"rendered":"Wer wir sind"},"content":{"rendered":"<h2 align=\"left\"><span style=\"color: #333399\">Herzlich Willkommen beim Verein &#8222;Kassel spielt&#8220;<\/span><\/h2>\n<div align=\"left\">&nbsp;<\/div>\n<div align=\"left\"><b>Wer sind wir?<\/b><\/div>\n<p align=\"left\">&#8222;Wir&#8220;, das sind die Mitglieder des Vereins Kassel spielt e.V. und unsere Freunde und G\u00e4ste. &#8222;Wir&#8220; sind zwischen 0 und 80 Jahre alt. Und &#8222;wir&#8220; sind ganz normale, nette Menschen. Kein Seniorentreff, kein Kindergarten.&nbsp; Sondern bunt gemischt vom Alter, Beruf und den Interessen.<\/p>\n<p align=\"left\">&nbsp;<\/p>\n<p align=\"left\">So unterschiedlich wie die Mitspieler, so vielf\u00e4ltig sind auch die Spiele: Seien es Brettspiele oder Kartenspiele, Kommunikationsspiele oder Teamspiele f\u00fcr Drau\u00dfen, hier ist f\u00fcr jeden etwas dabei. Klassische Brettspiele wie Schach werden ebenso gespielt wie &#8222;neue Klassiker&#8220; von Dominion (Spiel des Jahres 2009) \u00fcber &#8222;Tabu&#8220;, die \u201eSiedler von Catan\u201c, &#8222;7 Wonders&#8220;, KUBB, \u201eCarcassonne\u201c &#8211; und selbstverst\u00e4ndlich auch die jeweils aktuellen Spiele des Jahres.<\/p>\n<p align=\"left\">Auch die neuesten Spielerfindungen k\u00f6nnen hier ausprobiert werden, sogar manchmal schon im Prototyp \u2013 Stadium.<\/p>\n<p align=\"left\">In regelm\u00e4\u00dfigen Abst\u00e4nden veranstalten wir Turniere wie z.B. Wizard, Qwixx oder Siedler von Catan. Wir sind auch Ausrichter einer der 16 deutschlandweiten Regionalen Vorentscheide zur Deutschen Mannschaftsmeisterschaft im Brettspiel (der sogegannten &#8222;RegVor&#8220;), die immer Ende Februar stattfindet.<\/p>\n<p align=\"left\">Bei allen Spielen gilt: <span style=\"text-decoration: underline\">Wir spielen gerne, aus Spa\u00df und NICHT um Geld!!!<br \/>\n<\/span><span style=\"text-decoration: underline\">Neue Mitspieler sind jederzeit willkommen.<\/span> Du musst <span style=\"text-decoration: underline\">kein<\/span> Mitglied sein!<\/p>\n<p align=\"left\">Einfach vorbeikommen und mitspielen!<\/p>\n<p align=\"left\"><b>Die Geschichte: <\/b><\/p>\n<p align=\"left\">Seit der Gr\u00fcndung des Vereins im April 2006 durch ein gutes Dutzend Spiele-Begeisterter sind mittlerweile fast f\u00fcnfzehn Jahre vergangen. Wir haben inzwischen \u00fcber 150 spielebegeisterte Mitglieder und es werden stetig mehr. In lockerer Atmosph\u00e4re kann man beim Spielen neue Leute kennenlernen und findet hier immer einen Mitspieler.<\/p>\n<p align=\"left\">Mit der steigenden Anzahl der Mitglieder und G\u00e4ste ist mit der Zeit auch das Angebot gestiegen: der Verein hat vier- bis sechsmal die Woche ge\u00f6ffnet, immer mehr Gruppen treffen sich bei uns.<\/p>\n<p align=\"left\">Nicht nur die Zahl der Leute, auch die Aufgaben sind gewachsen. Dank des gro\u00dfen Engagements vieler unserer Mitglieder und G\u00e4ste ist der Verein seit M\u00e4rz 2010 als gemeinn\u00fctzig anerkannt.<\/p>\n<p align=\"left\">Wir legen gro\u00dfen Wert darauf, dass unser Angebot der kostenlosen Raum- und Spielenutzung f\u00fcr G\u00e4ste genauso offen steht wie f\u00fcr Mitglieder. Uns freut, dass unsere G\u00e4ste&nbsp; sich wohlf\u00fchlen und viele mit der Zeit zu Freunden geworden sind, die sich z.B. auch bei unserem allj\u00e4hrlichen &#8222;Familien-Spieletag&#8220; &#8211; unserer gr\u00f6\u00dften Veranstaltung im B\u00fcrgersaal des Kasseler Rathauses mit \u00fcber 500 Besuchern &#8211; engagieren und sich z.B. als Spiele-Erkl\u00e4rer (sogenannter &#8222;Erkl\u00e4r-B\u00e4r&#8220;) zur Verf\u00fcgung stellen.<\/p>\n<p align=\"left\">Durch unsere offene Art und das Engagement&nbsp; haben wir es geschafft, dass sich Mitglieder, Freunde und G\u00e4ste gleicherma\u00dfen wohlf\u00fchlen und kein Unterschied besteht.<\/p>\n<p align=\"left\"><b>Kulturgut Spiel <\/b><\/p>\n<p>Spiele sind nicht einfach nur Selbstzweck, es geht dabei nicht einfach um&#8217;s Gewinnen.<\/p>\n<p>Das Spiel ist ein Kulturgut, das gef\u00f6rdert werden muss. \u00dcber die gemeinsame Freude am Spielen er\u00f6ffnen sich dabei neue Perspektiven des Miteinanders, beim Kampf um Siegpunkte oder dem Streit \u00fcber Regeln kann man wieder lernen, zu diskutieren und gemeinsam einen Kompromiss auszuhandeln. Spiele f\u00f6rdern nicht nur die Kreativit\u00e4t, sondern auch das analytische, strategische Denken und die Kommunikation. Spielen bringt Menschen unterschiedlichster Herkunft und verschiedensten Alters&nbsp;zusammen und bietet eine lustige und kommunikative Alternative zu Fernseher oder Playstation.<\/p>\n<p>Das Spiel hat eine historische Entwicklung, eine Geschichte. Es tr\u00e4gt zum (Er)Lernen von Sozialkompetenz bei, enth\u00e4lt Wertvorstellungen und ggf. Ideologien.<\/p>\n<p>Der Verein hat sich unter anderem anderem die F\u00f6rderung des Kulturgutes Spiel zur Aufgabe gemacht: die Bekanntmachung und Verbreitung des Spiels als Kulturgut, die kritische Bewertung und Beurteilung von Spielen. <a href=\"http:\/\/Kassel-spielt.de\/press\/der-verein\/vereinsziele\/\">Zu den Zielen des Vereins<\/a><\/p>\n<p>&nbsp;<\/p>\n<p align=\"left\"><strong>Das Spielen ist bei uns kostenlos. Also, komm doch einfach mal vorbei und spiel&#8216; mit uns.<\/strong><\/p>\n<p align=\"left\">Bei Kassel spielt an der Fuldabr\u00fccke 6!<\/p>\n<p align=\"left\">&nbsp;<\/p>\n","protected":false},"excerpt":{"rendered":"<p>Herzlich Willkommen beim Verein &#8222;Kassel spielt&#8220; &nbsp; Wer sind wir? &#8222;Wir&#8220;, das sind die Mitglieder des Vereins Kassel spielt e.V. und unsere Freunde und G\u00e4ste. &#8222;Wir&#8220; sind zwischen 0 und 80 Jahre alt. Und &#8222;wir&#8220; sind ganz normale, nette Menschen. Kein Seniorentreff, kein Kindergarten.&nbsp; Sondern bunt gemischt vom Alter, Beruf und den Interessen. &nbsp; So [&hellip;]<\/p>\n","protected":false},"author":75,"featured_media":0,"parent":4,"menu_order":0,"comment_status":"closed","ping_status":"open","template":"","meta":{"rop_custom_images_group":[],"rop_custom_messages_group":[],"rop_publish_now":"initial","rop_publish_now_accounts":[],"rop_publish_now_history":[],"rop_publish_now_status":"pending","ngg_post_thumbnail":0,"footnotes":""},"class_list":["post-63","page","type-page","status-publish","hentry"],"_links":{"self":[{"href":"https:\/\/kassel-spielt.de\/press\/wp-json\/wp\/v2\/pages\/63","targetHints":{"allow":["GET"]}}],"collection":[{"href":"https:\/\/kassel-spielt.de\/press\/wp-json\/wp\/v2\/pages"}],"about":[{"href":"https:\/\/kassel-spielt.de\/press\/wp-json\/wp\/v2\/types\/page"}],"author":[{"embeddable":true,"href":"https:\/\/kassel-spielt.de\/press\/wp-json\/wp\/v2\/users\/75"}],"replies":[{"embeddable":true,"href":"https:\/\/kassel-spielt.de\/press\/wp-json\/wp\/v2\/comments?post=63"}],"version-history":[{"count":24,"href":"https:\/\/kassel-spielt.de\/press\/wp-json\/wp\/v2\/pages\/63\/revisions"}],"predecessor-version":[{"id":101983,"href":"https:\/\/kassel-spielt.de\/press\/wp-json\/wp\/v2\/pages\/63\/revisions\/101983"}],"up":[{"embeddable":true,"href":"https:\/\/kassel-spielt.de\/press\/wp-json\/wp\/v2\/pages\/4"}],"wp:attachment":[{"href":"https:\/\/kassel-spielt.de\/press\/wp-json\/wp\/v2\/media?parent=63"}],"curies":[{"name":"wp","href":"https:\/\/api.w.org\/{rel}","templated":true}]}}