{"id":69,"date":"2013-10-14T17:07:38","date_gmt":"2013-10-14T15:07:38","guid":{"rendered":"http:\/\/Kassel-spielt.de\/press\/?page_id=69"},"modified":"2023-12-10T17:14:58","modified_gmt":"2023-12-10T16:14:58","slug":"mitglied-werden","status":"publish","type":"page","link":"https:\/\/kassel-spielt.de\/press\/der-verein\/mitglied-werden\/","title":{"rendered":"Mitglied werden"},"content":{"rendered":"<p>In unseren Vereinsr\u00e4umen bieten wir einen kostenlosen Treff f\u00fcr jeden.<\/p>\n<p>Finanziert werden Miete, Nebenkosten und Anschaffungen wie z.B. Spiele, aber auch Regale u.\u00e4. \u00fcber<\/p>\n<ul>\n<li>Mitgliedsbeitr\u00e4ge,<\/li>\n<li>unsere Cafeteria<\/li>\n<li>und Spenden.<\/li>\n<\/ul>\n<p>Wir freuen uns sehr, neue Mitglieder zu begr\u00fc\u00dfen. Der Mitgliedsbeitrag ist frei w\u00e4hlbar. Den Mitgliedsantrag und alle weiteren Informationen wie z.B.&nbsp; zu den Vorteilen der Mitgliedschaft und die Bankverbindung findest Du als pdf-Dateien im <a href=\"http:\/\/kassel-spielt.de\/press\/downloads\/\">Download-Bereich<\/a>.<\/p>\n<p><strong>Vorteile der Mitgliedschaft (Stand Dezember 2019, wird derzeit \u00fcberpr\u00fcft)<br><\/strong><\/p>\n<ul>\n<li>10% Rabatt im Spiele-Kontor (Entenanger 6), ab 10 Euro, ausgenommen Sonderaktionen<\/li>\n<li>10% Rabatt bei <a href=\"https:\/\/www.kellner-kaufungen.de\/spielwelt.html\">Spielwaren Kellner<\/a> (Leipziger Str. 452 in Kaufungen)<\/li>\n<li>10% Rabatt beim <a href=\"https:\/\/www.bewegungslehre-kassel.de\/\">Studio f\u00fcr chinesische Bewegungslehre<\/a> (am Bahnhof Harleshausen) auf Wochenend-Kurse (z.B. Frauen-Selbstverteidigung) und bei Neueintritt (Kurse: Tai Chi, Bagua, Wing Chun)<\/li>\n<li>\n<div>20% auf EDV-Dienstleistungen bei <a href=\"http:\/\/www.peeceeria.de\/\">peeceeria<\/a> und pro Auftrag spendet Boris Behnke 10% an den Verein (keine Fahrtkosten, reine Dienstleistung), Anmerkung: EDV kann bei der Steuer als Haushaltsnahe Dienstleistungen abgesetzt werden.<\/div>\n<\/li>\n<\/ul>\n<p>Au\u00dferdem gibt es in der Spieleburg in Kassel (Wilhelmstra\u00dfe 5) bei einem Einkauf eine Gutschrift f\u00fcr den Verein, d.h. du unterst\u00fctzt den Verein durch einen Kauf dort, der Verein kann dann die Gutschrift in Spiele tauschen.<\/p>\n<p>Weiterhin kannst Du den Verein unterst\u00fctzen, wenn du bei Amazon einkaufst und zuvor bei Amazon smile den Verein ausw\u00e4hlst. Alle Infos zu Unterst\u00fctzungsm\u00f6glichkeiten findest Du <a href=\"https:\/\/kassel-spielt.de\/press\/wie-koennt-ihr-den-verein-unterstuetzen\/\">hier.<\/a><\/p>\n\n","protected":false},"excerpt":{"rendered":"<p>In unseren Vereinsr\u00e4umen bieten wir einen kostenlosen Treff f\u00fcr jeden. Finanziert werden Miete, Nebenkosten und Anschaffungen wie z.B. Spiele, aber auch Regale u.\u00e4. \u00fcber Mitgliedsbeitr\u00e4ge, unsere Cafeteria und Spenden. Wir freuen uns sehr, neue Mitglieder zu begr\u00fc\u00dfen. Der Mitgliedsbeitrag ist frei w\u00e4hlbar. Den Mitgliedsantrag und alle weiteren Informationen wie z.B.&nbsp; zu den Vorteilen der Mitgliedschaft [&hellip;]<\/p>\n","protected":false},"author":75,"featured_media":0,"parent":4,"menu_order":0,"comment_status":"closed","ping_status":"open","template":"","meta":{"rop_custom_images_group":[],"rop_custom_messages_group":[],"rop_publish_now":"initial","rop_publish_now_accounts":[],"rop_publish_now_history":[],"rop_publish_now_status":"pending","ngg_post_thumbnail":0,"footnotes":""},"class_list":["post-69","page","type-page","status-publish","hentry"],"_links":{"self":[{"href":"https:\/\/kassel-spielt.de\/press\/wp-json\/wp\/v2\/pages\/69","targetHints":{"allow":["GET"]}}],"collection":[{"href":"https:\/\/kassel-spielt.de\/press\/wp-json\/wp\/v2\/pages"}],"about":[{"href":"https:\/\/kassel-spielt.de\/press\/wp-json\/wp\/v2\/types\/page"}],"author":[{"embeddable":true,"href":"https:\/\/kassel-spielt.de\/press\/wp-json\/wp\/v2\/users\/75"}],"replies":[{"embeddable":true,"href":"https:\/\/kassel-spielt.de\/press\/wp-json\/wp\/v2\/comments?post=69"}],"version-history":[{"count":19,"href":"https:\/\/kassel-spielt.de\/press\/wp-json\/wp\/v2\/pages\/69\/revisions"}],"predecessor-version":[{"id":101326,"href":"https:\/\/kassel-spielt.de\/press\/wp-json\/wp\/v2\/pages\/69\/revisions\/101326"}],"up":[{"embeddable":true,"href":"https:\/\/kassel-spielt.de\/press\/wp-json\/wp\/v2\/pages\/4"}],"wp:attachment":[{"href":"https:\/\/kassel-spielt.de\/press\/wp-json\/wp\/v2\/media?parent=69"}],"curies":[{"name":"wp","href":"https:\/\/api.w.org\/{rel}","templated":true}]}}