{"id":79,"date":"2013-10-14T17:13:04","date_gmt":"2013-10-14T15:13:04","guid":{"rendered":"http:\/\/Kassel-spielt.de\/press\/?page_id=79"},"modified":"2025-05-06T01:25:18","modified_gmt":"2025-05-05T23:25:18","slug":"spieleautorentreff","status":"publish","type":"page","link":"https:\/\/kassel-spielt.de\/press\/termine-2\/spieleautorentreff\/","title":{"rendered":"Spieleautorentreff"},"content":{"rendered":"<p>Hier werden Prototypen ausprobiert und Tipps und Tricks f\u00fcr das Spiele-Erfinden ausgetauscht.<\/p>\n<p>Egal ob Du Spieleautor bist oder gerne mal ein Spiel im Prototypen-Stadium testen m\u00f6chtest: hier bist Du richtig.<\/p>\n<p><strong>Wann?<\/strong> Immer am letzten Freitag im Monat ab 18:00 Uhr<br>(<span style=\"text-decoration: underline;\">zus\u00e4tzlich<\/span> zum &#8222;normalen&#8220; Spieleabend)<\/p>\n<p><strong>Ansprechpartner?<\/strong> <a href=\"http:\/\/kassel-spielt.de\/press\/der-verein\/244-2\/\">Martin<\/a><\/p>\n\n\n<span class='events-no-events'>Keine Veranstaltungen<\/span>\n\n\n","protected":false},"excerpt":{"rendered":"<p>Hier werden Prototypen ausprobiert und Tipps und Tricks f\u00fcr das Spiele-Erfinden ausgetauscht. Egal ob Du Spieleautor bist oder gerne mal ein Spiel im Prototypen-Stadium testen m\u00f6chtest: hier bist Du richtig. Wann? Immer am letzten Freitag im Monat ab 18:00 Uhr(zus\u00e4tzlich zum &#8222;normalen&#8220; Spieleabend) Ansprechpartner? Martin<\/p>\n","protected":false},"author":75,"featured_media":0,"parent":128,"menu_order":0,"comment_status":"closed","ping_status":"open","template":"","meta":{"rop_custom_images_group":[],"rop_custom_messages_group":[],"rop_publish_now":"initial","rop_publish_now_accounts":[],"rop_publish_now_history":[],"rop_publish_now_status":"pending","ngg_post_thumbnail":0,"footnotes":""},"class_list":["post-79","page","type-page","status-publish","hentry"],"_links":{"self":[{"href":"https:\/\/kassel-spielt.de\/press\/wp-json\/wp\/v2\/pages\/79","targetHints":{"allow":["GET"]}}],"collection":[{"href":"https:\/\/kassel-spielt.de\/press\/wp-json\/wp\/v2\/pages"}],"about":[{"href":"https:\/\/kassel-spielt.de\/press\/wp-json\/wp\/v2\/types\/page"}],"author":[{"embeddable":true,"href":"https:\/\/kassel-spielt.de\/press\/wp-json\/wp\/v2\/users\/75"}],"replies":[{"embeddable":true,"href":"https:\/\/kassel-spielt.de\/press\/wp-json\/wp\/v2\/comments?post=79"}],"version-history":[{"count":6,"href":"https:\/\/kassel-spielt.de\/press\/wp-json\/wp\/v2\/pages\/79\/revisions"}],"predecessor-version":[{"id":101981,"href":"https:\/\/kassel-spielt.de\/press\/wp-json\/wp\/v2\/pages\/79\/revisions\/101981"}],"up":[{"embeddable":true,"href":"https:\/\/kassel-spielt.de\/press\/wp-json\/wp\/v2\/pages\/128"}],"wp:attachment":[{"href":"https:\/\/kassel-spielt.de\/press\/wp-json\/wp\/v2\/media?parent=79"}],"curies":[{"name":"wp","href":"https:\/\/api.w.org\/{rel}","templated":true}]}}