{"id":974,"date":"2014-05-17T13:29:27","date_gmt":"2014-05-17T11:29:27","guid":{"rendered":"http:\/\/Kassel-spielt.de\/press\/?page_id=974"},"modified":"2015-02-27T12:12:19","modified_gmt":"2015-02-27T10:12:19","slug":"draussen-spielen","status":"publish","type":"page","link":"https:\/\/kassel-spielt.de\/press\/termine-2\/draussen-spielen\/","title":{"rendered":"Drau\u00dfen Spielen"},"content":{"rendered":"<p><em>Der Fr\u00fchling beginnt und Kassel spielt drau\u00dfen<\/em><\/p>\n<p>&nbsp;<\/p>\n<p>Brett- und Kartenspiele sind was sch\u00f6nes, aber bei Sommer&amp;Sonne drinnen sitzen?<\/p>\n<p>Wer das nicht mag und Lust auf sch\u00f6ne Spiele wie KUBB, M\u00f6lkky u.\u00e4. hat, der ist bei unserem Drau\u00dfen-Spieletreff richtig.<\/p>\n<p>&nbsp;<\/p>\n<p><strong>Wann?<\/strong> unregelm\u00e4\u00dfig je nach Wetterlage (bei schlechtem Wetter geht&#8217;s zum Brett- und Kartenspielen in den Verein) n\u00e4chste Termin f\u00fcr Anfang Juni geplant<\/p>\n<p><strong><span style=\"color: #ff0000;\">NEU: ein M\u00f6lkky-Sommer- \u00e4h -Fr\u00fchlingsfest am 29. M\u00e4rz 2015 um 14.00 Uhr. Mitmachen k\u00f6nnen Teams bestehend aus 3 bis 6 Leuten.<\/span><\/strong><\/p>\n<p><strong>Ansprechpartner?<\/strong> <a title=\"Vorstand und Ansprechpartner\" href=\"http:\/\/Kassel-spielt.de\/press\/der-verein\/244-2\/\">Tatjana<\/a><\/p>\n<p><strong>Wo?<\/strong> Schleusenpark &#8211; vom Verein \u00fcber die Br\u00fccke &#8230;<\/p>\n<p>Wegbeschreibung: <a href=\"http:\/\/Kassel-spielt.de\/press\/wp-content\/uploads\/2014\/05\/Schleusenpark.pdf\">Schleusenpark<\/a><\/p>\n","protected":false},"excerpt":{"rendered":"<p>Der Fr\u00fchling beginnt und Kassel spielt drau\u00dfen &nbsp; Brett- und Kartenspiele sind was sch\u00f6nes, aber bei Sommer&amp;Sonne drinnen sitzen? Wer das nicht mag und Lust auf sch\u00f6ne Spiele wie KUBB, M\u00f6lkky u.\u00e4. hat, der ist bei unserem Drau\u00dfen-Spieletreff richtig. &nbsp; Wann? unregelm\u00e4\u00dfig je nach Wetterlage (bei schlechtem Wetter geht&#8217;s zum Brett- und Kartenspielen in den [&hellip;]<\/p>\n","protected":false},"author":2,"featured_media":0,"parent":128,"menu_order":0,"comment_status":"closed","ping_status":"closed","template":"","meta":{"rop_custom_images_group":[],"rop_custom_messages_group":[],"rop_publish_now":"initial","rop_publish_now_accounts":[],"rop_publish_now_history":[],"rop_publish_now_status":"pending","ngg_post_thumbnail":0,"footnotes":""},"class_list":["post-974","page","type-page","status-publish","hentry"],"_links":{"self":[{"href":"https:\/\/kassel-spielt.de\/press\/wp-json\/wp\/v2\/pages\/974","targetHints":{"allow":["GET"]}}],"collection":[{"href":"https:\/\/kassel-spielt.de\/press\/wp-json\/wp\/v2\/pages"}],"about":[{"href":"https:\/\/kassel-spielt.de\/press\/wp-json\/wp\/v2\/types\/page"}],"author":[{"embeddable":true,"href":"https:\/\/kassel-spielt.de\/press\/wp-json\/wp\/v2\/users\/2"}],"replies":[{"embeddable":true,"href":"https:\/\/kassel-spielt.de\/press\/wp-json\/wp\/v2\/comments?post=974"}],"version-history":[{"count":6,"href":"https:\/\/kassel-spielt.de\/press\/wp-json\/wp\/v2\/pages\/974\/revisions"}],"predecessor-version":[{"id":2069,"href":"https:\/\/kassel-spielt.de\/press\/wp-json\/wp\/v2\/pages\/974\/revisions\/2069"}],"up":[{"embeddable":true,"href":"https:\/\/kassel-spielt.de\/press\/wp-json\/wp\/v2\/pages\/128"}],"wp:attachment":[{"href":"https:\/\/kassel-spielt.de\/press\/wp-json\/wp\/v2\/media?parent=974"}],"curies":[{"name":"wp","href":"https:\/\/api.w.org\/{rel}","templated":true}]}}